{"id":136,"date":"2025-01-14T11:56:27","date_gmt":"2025-01-14T10:56:27","guid":{"rendered":"https:\/\/booster-bureaux-labos.com\/?page_id=136"},"modified":"2025-01-16T15:26:53","modified_gmt":"2025-01-16T14:26:53","slug":"engagements-rse","status":"publish","type":"page","link":"https:\/\/booster-bureaux-labos.com\/index.php\/engagements-rse\/","title":{"rendered":"Engagements RSE"},"content":{"rendered":"\n<div class=\"wp-block-group alignfull has-white-background-color has-background has-global-padding is-layout-constrained wp-block-group-is-layout-constrained\">\n<div class=\"wp-block-columns is-layout-flex wp-container-core-columns-is-layout-28f84493 wp-block-columns-is-layout-flex\">\n<div class=\"wp-block-column is-layout-flow wp-block-column-is-layout-flow\">\n<blockquote class=\"wp-block-quote is-style-plain is-layout-flow wp-block-quote-is-layout-flow\">\n<h2 class=\"wp-block-heading\"><strong>Booster 2 nourrit l\u2019ambition d\u2019un immobilier innovant qui r\u00e9duit ses impacts environnementaux.<\/strong><\/h2>\n<\/blockquote>\n\n\n\n<div style=\"height:36px\" aria-hidden=\"true\" class=\"wp-block-spacer\"><\/div>\n\n\n\n<div class=\"wp-block-columns is-layout-flex wp-container-core-columns-is-layout-28f84493 wp-block-columns-is-layout-flex\">\n<div class=\"wp-block-column is-vertically-aligned-bottom is-layout-flow wp-block-column-is-layout-flow\">\n<h2 class=\"wp-block-heading has-primary-color has-text-color\" style=\"font-size:clamp(18.959px, 1.185rem + ((1vw - 3.2px) * 1.15), 30px);\"><strong>Un programme engag\u00e9 pour l\u2019excellence environnementale<br>et l\u2019utilisation raisonn\u00e9e des ressources<\/strong><\/h2>\n<\/div>\n\n\n\n<div class=\"wp-block-column is-vertically-aligned-bottom is-layout-flow wp-block-column-is-layout-flow\" style=\"padding-left:0\">\n<p class=\"has-primary-color has-text-color\">Booster transforme une friche industrielle en un ensemble immobilier de r\u00e9f\u00e9rence, conciliant performance \u00e9conomique, excellence environnementale et cadre de vie remarquable&nbsp;; une op\u00e9ration durable et responsable, inscrite dans les exigences de responsabilit\u00e9 environnementale des entreprises innovantes&nbsp;:<\/p>\n<\/div>\n<\/div>\n\n\n\n<div style=\"height:60px\" aria-hidden=\"true\" class=\"wp-block-spacer\"><\/div>\n<\/div>\n<\/div>\n\n\n\n<div class=\"wp-block-columns is-layout-flex wp-container-core-columns-is-layout-28f84493 wp-block-columns-is-layout-flex\">\n<div class=\"wp-block-column is-layout-flow wp-block-column-is-layout-flow\" style=\"flex-basis:100%\">\n<div class=\"wp-block-group has-global-padding is-layout-constrained wp-block-group-is-layout-constrained\">\n<div class=\"wp-block-columns is-layout-flex wp-container-core-columns-is-layout-28f84493 wp-block-columns-is-layout-flex\">\n<div class=\"wp-block-column is-layout-flow wp-block-column-is-layout-flow\">\n<figure class=\"wp-block-image size-large is-resized\"><img loading=\"lazy\" decoding=\"async\" width=\"1024\" height=\"1024\" src=\"http:\/\/booster-bureaux-labos.com\/wp-content\/uploads\/2025\/01\/RSE-frugalite-fonciere@2x-1024x1024.png\" alt=\"\" class=\"wp-image-145\" style=\"width:210px\" srcset=\"https:\/\/booster-bureaux-labos.com\/wp-content\/uploads\/2025\/01\/RSE-frugalite-fonciere@2x-1024x1024.png 1024w, https:\/\/booster-bureaux-labos.com\/wp-content\/uploads\/2025\/01\/RSE-frugalite-fonciere@2x-300x300.png 300w, https:\/\/booster-bureaux-labos.com\/wp-content\/uploads\/2025\/01\/RSE-frugalite-fonciere@2x-150x150.png 150w, https:\/\/booster-bureaux-labos.com\/wp-content\/uploads\/2025\/01\/RSE-frugalite-fonciere@2x.png 1201w\" sizes=\"auto, (max-width: 1024px) 100vw, 1024px\" \/><\/figure>\n\n\n\n<h2 class=\"wp-block-heading has-text-color\" style=\"color:#2dab66\">Frugalit\u00e9 fonci\u00e8re<\/h2>\n<\/div>\n<\/div>\n\n\n\n<div class=\"wp-block-columns is-layout-flex wp-container-core-columns-is-layout-28f84493 wp-block-columns-is-layout-flex\">\n<div class=\"wp-block-column is-layout-flow wp-block-column-is-layout-flow\">\n<p class=\"has-tertiary-color has-text-color\">Optimisation des surfaces gr\u00e2ce \u00e0 une organisation en \u00e9tages, limitant l&#8217;empreinte au sol.<\/p>\n<\/div>\n<\/div>\n<\/div>\n<\/div>\n\n\n\n<div class=\"wp-block-column is-layout-flow wp-block-column-is-layout-flow\" style=\"flex-basis:100%\">\n<div class=\"wp-block-group has-global-padding is-layout-constrained wp-block-group-is-layout-constrained\">\n<div class=\"wp-block-columns is-layout-flex wp-container-core-columns-is-layout-28f84493 wp-block-columns-is-layout-flex\">\n<div class=\"wp-block-column is-layout-flow wp-block-column-is-layout-flow\">\n<figure class=\"wp-block-image size-large is-resized\"><img loading=\"lazy\" decoding=\"async\" width=\"1024\" height=\"1024\" src=\"http:\/\/booster-bureaux-labos.com\/wp-content\/uploads\/2025\/01\/RSE@2x-1024x1024.png\" alt=\"\" class=\"wp-image-143\" style=\"width:210px\" srcset=\"https:\/\/booster-bureaux-labos.com\/wp-content\/uploads\/2025\/01\/RSE@2x-1024x1024.png 1024w, https:\/\/booster-bureaux-labos.com\/wp-content\/uploads\/2025\/01\/RSE@2x-300x300.png 300w, https:\/\/booster-bureaux-labos.com\/wp-content\/uploads\/2025\/01\/RSE@2x-150x150.png 150w, https:\/\/booster-bureaux-labos.com\/wp-content\/uploads\/2025\/01\/RSE@2x.png 1201w\" sizes=\"auto, (max-width: 1024px) 100vw, 1024px\" \/><\/figure>\n\n\n\n<h2 class=\"wp-block-heading has-text-color\" style=\"color:#2dab66\">100 % b\u00e9ton bas carbone<\/h2>\n<\/div>\n<\/div>\n\n\n\n<div class=\"wp-block-columns is-layout-flex wp-container-core-columns-is-layout-28f84493 wp-block-columns-is-layout-flex\">\n<div class=\"wp-block-column is-layout-flow wp-block-column-is-layout-flow\">\n<p class=\"has-tertiary-color has-text-color\">Utilisation exclusive de b\u00e9ton bas carbone pour r\u00e9duire l&#8217;impact environnemental.<\/p>\n<\/div>\n<\/div>\n<\/div>\n<\/div>\n\n\n\n<div class=\"wp-block-column is-layout-flow wp-block-column-is-layout-flow\" style=\"flex-basis:100%\">\n<div class=\"wp-block-group has-global-padding is-layout-constrained wp-block-group-is-layout-constrained\">\n<div class=\"wp-block-columns is-layout-flex wp-container-core-columns-is-layout-28f84493 wp-block-columns-is-layout-flex\">\n<div class=\"wp-block-column is-layout-flow wp-block-column-is-layout-flow\">\n<figure class=\"wp-block-image size-large is-resized\"><img loading=\"lazy\" decoding=\"async\" width=\"1024\" height=\"1024\" src=\"http:\/\/booster-bureaux-labos.com\/wp-content\/uploads\/2025\/01\/RSE-copie@2x-1024x1024.png\" alt=\"\" class=\"wp-image-142\" style=\"width:210px\" srcset=\"https:\/\/booster-bureaux-labos.com\/wp-content\/uploads\/2025\/01\/RSE-copie@2x-1024x1024.png 1024w, https:\/\/booster-bureaux-labos.com\/wp-content\/uploads\/2025\/01\/RSE-copie@2x-300x300.png 300w, https:\/\/booster-bureaux-labos.com\/wp-content\/uploads\/2025\/01\/RSE-copie@2x-150x150.png 150w, https:\/\/booster-bureaux-labos.com\/wp-content\/uploads\/2025\/01\/RSE-copie@2x.png 1201w\" sizes=\"auto, (max-width: 1024px) 100vw, 1024px\" \/><\/figure>\n\n\n\n<h2 class=\"wp-block-heading has-text-color\" style=\"color:#2dab66\">Enrob\u00e9s \u00e0 froid<\/h2>\n<\/div>\n<\/div>\n\n\n\n<div class=\"wp-block-columns is-layout-flex wp-container-core-columns-is-layout-28f84493 wp-block-columns-is-layout-flex\">\n<div class=\"wp-block-column is-layout-flow wp-block-column-is-layout-flow\">\n<p class=\"has-tertiary-color has-text-color\">L\u2019enrob\u00e9 \u00e0 froid ne d\u00e9gage pas de CO\u00b2 ni de gaz \u00e0 effet de serre.<\/p>\n<\/div>\n<\/div>\n<\/div>\n<\/div>\n\n\n\n<div class=\"wp-block-column is-layout-flow wp-block-column-is-layout-flow\" style=\"flex-basis:100%\">\n<div class=\"wp-block-group has-global-padding is-layout-constrained wp-block-group-is-layout-constrained\">\n<div class=\"wp-block-columns is-layout-flex wp-container-core-columns-is-layout-28f84493 wp-block-columns-is-layout-flex\">\n<div class=\"wp-block-column is-layout-flow wp-block-column-is-layout-flow\">\n<figure class=\"wp-block-image size-large is-resized\"><img loading=\"lazy\" decoding=\"async\" width=\"1024\" height=\"1024\" src=\"http:\/\/booster-bureaux-labos.com\/wp-content\/uploads\/2025\/01\/RSE-copie-2@2x-1024x1024.png\" alt=\"\" class=\"wp-image-138\" style=\"width:210px\" srcset=\"https:\/\/booster-bureaux-labos.com\/wp-content\/uploads\/2025\/01\/RSE-copie-2@2x-1024x1024.png 1024w, https:\/\/booster-bureaux-labos.com\/wp-content\/uploads\/2025\/01\/RSE-copie-2@2x-300x300.png 300w, https:\/\/booster-bureaux-labos.com\/wp-content\/uploads\/2025\/01\/RSE-copie-2@2x-150x150.png 150w, https:\/\/booster-bureaux-labos.com\/wp-content\/uploads\/2025\/01\/RSE-copie-2@2x.png 1201w\" sizes=\"auto, (max-width: 1024px) 100vw, 1024px\" \/><\/figure>\n\n\n\n<h2 class=\"wp-block-heading has-text-color\" style=\"color:#2dab66\">R\u00e9cup\u00e9ration des eaux de pluie recycl\u00e9es<\/h2>\n<\/div>\n<\/div>\n\n\n\n<div class=\"wp-block-columns is-layout-flex wp-container-core-columns-is-layout-28f84493 wp-block-columns-is-layout-flex\">\n<div class=\"wp-block-column is-layout-flow wp-block-column-is-layout-flow\">\n<p class=\"has-tertiary-color has-text-color\">Mise en place de cuves de r\u00e9cup\u00e9ration des eaux de pluie (40 m<sup>3<\/sup> environ).<\/p>\n\n\n\n<p class=\"has-lightgrey-color has-text-color\"><\/p>\n<\/div>\n<\/div>\n<\/div>\n<\/div>\n<\/div>\n\n\n\n<div style=\"height:60px\" aria-hidden=\"true\" class=\"wp-block-spacer\"><\/div>\n\n\n\n<div class=\"wp-block-columns is-layout-flex wp-container-core-columns-is-layout-28f84493 wp-block-columns-is-layout-flex\">\n<div class=\"wp-block-column is-layout-flow wp-block-column-is-layout-flow\" style=\"flex-basis:100%\">\n<div class=\"wp-block-group has-global-padding is-layout-constrained wp-block-group-is-layout-constrained\">\n<figure class=\"wp-block-image size-large is-resized\"><img loading=\"lazy\" decoding=\"async\" width=\"1024\" height=\"1024\" src=\"http:\/\/booster-bureaux-labos.com\/wp-content\/uploads\/2025\/01\/RSE-copie-5@2x-1024x1024.png\" alt=\"\" class=\"wp-image-141\" style=\"width:210px\" srcset=\"https:\/\/booster-bureaux-labos.com\/wp-content\/uploads\/2025\/01\/RSE-copie-5@2x-1024x1024.png 1024w, https:\/\/booster-bureaux-labos.com\/wp-content\/uploads\/2025\/01\/RSE-copie-5@2x-300x300.png 300w, https:\/\/booster-bureaux-labos.com\/wp-content\/uploads\/2025\/01\/RSE-copie-5@2x-150x150.png 150w, https:\/\/booster-bureaux-labos.com\/wp-content\/uploads\/2025\/01\/RSE-copie-5@2x.png 1201w\" sizes=\"auto, (max-width: 1024px) 100vw, 1024px\" \/><\/figure>\n\n\n\n<div class=\"wp-block-columns is-layout-flex wp-container-core-columns-is-layout-28f84493 wp-block-columns-is-layout-flex\">\n<div class=\"wp-block-column is-layout-flow wp-block-column-is-layout-flow\">\n<h2 class=\"wp-block-heading has-text-color\" style=\"color:#2dab66\">2 800 m\u00b2<\/h2>\n<\/div>\n<\/div>\n\n\n\n<div class=\"wp-block-columns is-layout-flex wp-container-core-columns-is-layout-28f84493 wp-block-columns-is-layout-flex\">\n<div class=\"wp-block-column is-layout-flow wp-block-column-is-layout-flow\">\n<p class=\"has-tertiary-color has-text-color\">Renaturation \/ d\u00e9simperm\u00e9abilisassion des sols&nbsp;: 2&nbsp;800 m\u00b2 d\u2019espaces verts sur le site, pr\u00e8s de 360 arbres plant\u00e9s pour renforcer la biodiversit\u00e9.<\/p>\n<\/div>\n<\/div>\n<\/div>\n<\/div>\n\n\n\n<div class=\"wp-block-column is-layout-flow wp-block-column-is-layout-flow\" style=\"flex-basis:100%\">\n<div class=\"wp-block-group has-global-padding is-layout-constrained wp-block-group-is-layout-constrained\">\n<figure class=\"wp-block-image size-large is-resized\"><img loading=\"lazy\" decoding=\"async\" width=\"1024\" height=\"1024\" src=\"http:\/\/booster-bureaux-labos.com\/wp-content\/uploads\/2025\/01\/RSE-copie-4@2x-1024x1024.png\" alt=\"\" class=\"wp-image-140\" style=\"width:210px\" srcset=\"https:\/\/booster-bureaux-labos.com\/wp-content\/uploads\/2025\/01\/RSE-copie-4@2x-1024x1024.png 1024w, https:\/\/booster-bureaux-labos.com\/wp-content\/uploads\/2025\/01\/RSE-copie-4@2x-300x300.png 300w, https:\/\/booster-bureaux-labos.com\/wp-content\/uploads\/2025\/01\/RSE-copie-4@2x-150x150.png 150w, https:\/\/booster-bureaux-labos.com\/wp-content\/uploads\/2025\/01\/RSE-copie-4@2x.png 1201w\" sizes=\"auto, (max-width: 1024px) 100vw, 1024px\" \/><\/figure>\n\n\n\n<div class=\"wp-block-columns is-layout-flex wp-container-core-columns-is-layout-28f84493 wp-block-columns-is-layout-flex\">\n<div class=\"wp-block-column is-layout-flow wp-block-column-is-layout-flow\">\n<h2 class=\"wp-block-heading has-text-color\" style=\"color:#2dab66\">Qualit\u00e9 de l&#8217;air<\/h2>\n<\/div>\n<\/div>\n\n\n\n<div class=\"wp-block-columns is-layout-flex wp-container-core-columns-is-layout-28f84493 wp-block-columns-is-layout-flex\">\n<div class=\"wp-block-column is-layout-flow wp-block-column-is-layout-flow\">\n<p class=\"has-tertiary-color has-text-color\">Actions cibl\u00e9es pour assurer un air int\u00e9rieur sain et r\u00e9duire la pollution.<\/p>\n<\/div>\n<\/div>\n<\/div>\n<\/div>\n\n\n\n<div class=\"wp-block-column is-layout-flow wp-block-column-is-layout-flow\" style=\"flex-basis:100%\">\n<div class=\"wp-block-group has-global-padding is-layout-constrained wp-block-group-is-layout-constrained\">\n<div class=\"wp-block-columns is-layout-flex wp-container-core-columns-is-layout-28f84493 wp-block-columns-is-layout-flex\">\n<div class=\"wp-block-column is-layout-flow wp-block-column-is-layout-flow\">\n<figure class=\"wp-block-image size-large is-resized\"><img loading=\"lazy\" decoding=\"async\" width=\"1024\" height=\"1024\" src=\"http:\/\/booster-bureaux-labos.com\/wp-content\/uploads\/2025\/01\/RSE-copie-3@2x-1024x1024.png\" alt=\"\" class=\"wp-image-139\" style=\"width:210px\" srcset=\"https:\/\/booster-bureaux-labos.com\/wp-content\/uploads\/2025\/01\/RSE-copie-3@2x-1024x1024.png 1024w, https:\/\/booster-bureaux-labos.com\/wp-content\/uploads\/2025\/01\/RSE-copie-3@2x-300x300.png 300w, https:\/\/booster-bureaux-labos.com\/wp-content\/uploads\/2025\/01\/RSE-copie-3@2x-150x150.png 150w, https:\/\/booster-bureaux-labos.com\/wp-content\/uploads\/2025\/01\/RSE-copie-3@2x.png 1201w\" sizes=\"auto, (max-width: 1024px) 100vw, 1024px\" \/><\/figure>\n\n\n\n<h2 class=\"wp-block-heading has-text-color\" style=\"color:#2dab66\">Bornes \u00e9lectriques<\/h2>\n<\/div>\n<\/div>\n\n\n\n<div class=\"wp-block-columns is-layout-flex wp-container-core-columns-is-layout-28f84493 wp-block-columns-is-layout-flex\">\n<div class=\"wp-block-column is-layout-flow wp-block-column-is-layout-flow\">\n<p class=\"has-tertiary-color has-text-color\">Parc de stationnement en partie pr\u00e9-\u00e9quip\u00e9 pour bornes de recharges \u00e9lectriques.<\/p>\n<\/div>\n<\/div>\n<\/div>\n<\/div>\n\n\n\n<div class=\"wp-block-column is-layout-flow wp-block-column-is-layout-flow\" style=\"flex-basis:100%\">\n<div class=\"wp-block-group has-global-padding is-layout-constrained wp-block-group-is-layout-constrained\">\n<div class=\"wp-block-columns is-layout-flex wp-container-core-columns-is-layout-28f84493 wp-block-columns-is-layout-flex\">\n<div class=\"wp-block-column is-layout-flow wp-block-column-is-layout-flow\">\n<figure class=\"wp-block-image size-full is-resized\"><img loading=\"lazy\" decoding=\"async\" width=\"601\" height=\"601\" src=\"https:\/\/booster-bureaux-labos.com\/wp-content\/uploads\/2025\/01\/RSE-frugalite-fonciere-copie-100.jpg\" alt=\"\" class=\"wp-image-332\" style=\"width:210px\" srcset=\"https:\/\/booster-bureaux-labos.com\/wp-content\/uploads\/2025\/01\/RSE-frugalite-fonciere-copie-100.jpg 601w, https:\/\/booster-bureaux-labos.com\/wp-content\/uploads\/2025\/01\/RSE-frugalite-fonciere-copie-100-300x300.jpg 300w, https:\/\/booster-bureaux-labos.com\/wp-content\/uploads\/2025\/01\/RSE-frugalite-fonciere-copie-100-150x150.jpg 150w\" sizes=\"auto, (max-width: 601px) 100vw, 601px\" \/><\/figure>\n\n\n\n<h2 class=\"wp-block-heading has-text-color\" style=\"color:#2dab66\">Labels<\/h2>\n<\/div>\n<\/div>\n\n\n\n<div class=\"wp-block-columns is-layout-flex wp-container-core-columns-is-layout-28f84493 wp-block-columns-is-layout-flex\">\n<div class=\"wp-block-column is-layout-flow wp-block-column-is-layout-flow\">\n<p class=\"has-tertiary-color has-text-color\">Un projet certifi\u00e9 BREEAM niveau Very Good.<\/p>\n<\/div>\n<\/div>\n<\/div>\n<\/div>\n<\/div>\n\n\n\n<div style=\"height:80px\" aria-hidden=\"true\" class=\"wp-block-spacer\"><\/div>\n<\/div>\n\n\n\n<div class=\"wp-block-cover alignfull is-light has-custom-content-position is-position-bottom-center\" style=\"min-height:689px;aspect-ratio:unset;\"><span aria-hidden=\"true\" class=\"wp-block-cover__background has-background-dim-0 has-background-dim\" style=\"background-color:#FFF\"><\/span><video class=\"wp-block-cover__video-background intrinsic-ignore\" autoplay muted loop playsinline src=\"http:\/\/booster-bureaux-labos.com\/wp-content\/uploads\/2025\/01\/Animation-Pers-Terrasse.mp4\" data-object-fit=\"cover\"><\/video><div class=\"wp-block-cover__inner-container has-global-padding is-layout-constrained wp-container-core-cover-is-layout-a099c240 wp-block-cover-is-layout-constrained\">\n<p class=\"has-text-align-center has-white-color has-text-color has-link-color has-medium-font-size wp-elements-205f7643cc71665fa83b3b4fc253e0ac\"><\/p>\n\n\n\n<div class=\"wp-block-buttons is-content-justification-center is-layout-flex wp-container-core-buttons-is-layout-a89b3969 wp-block-buttons-is-layout-flex\"><\/div>\n<\/div><\/div>\n","protected":false},"excerpt":{"rendered":"<p>Booster 2 nourrit l\u2019ambition d\u2019un immobilier innovant qui r\u00e9duit ses impacts environnementaux. Un programme engag\u00e9 pour l\u2019excellence environnementaleet l\u2019utilisation raisonn\u00e9e des ressources Booster transforme une friche industrielle en un ensemble immobilier de r\u00e9f\u00e9rence, conciliant performance \u00e9conomique, excellence environnementale et cadre de vie remarquable&nbsp;; une op\u00e9ration durable et responsable, inscrite dans les exigences de responsabilit\u00e9 environnementale &hellip; <\/p>\n<p class=\"link-more\"><a href=\"https:\/\/booster-bureaux-labos.com\/index.php\/engagements-rse\/\" class=\"more-link\">Read more<span class=\"screen-reader-text\"> &#8220;Engagements RSE&#8221;<\/span><\/a><\/p>\n","protected":false},"author":1,"featured_media":268,"parent":0,"menu_order":0,"comment_status":"closed","ping_status":"closed","template":"","meta":{"footnotes":""},"class_list":["post-136","page","type-page","status-publish","has-post-thumbnail","hentry"],"_links":{"self":[{"href":"https:\/\/booster-bureaux-labos.com\/index.php\/wp-json\/wp\/v2\/pages\/136","targetHints":{"allow":["GET"]}}],"collection":[{"href":"https:\/\/booster-bureaux-labos.com\/index.php\/wp-json\/wp\/v2\/pages"}],"about":[{"href":"https:\/\/booster-bureaux-labos.com\/index.php\/wp-json\/wp\/v2\/types\/page"}],"author":[{"embeddable":true,"href":"https:\/\/booster-bureaux-labos.com\/index.php\/wp-json\/wp\/v2\/users\/1"}],"replies":[{"embeddable":true,"href":"https:\/\/booster-bureaux-labos.com\/index.php\/wp-json\/wp\/v2\/comments?post=136"}],"version-history":[{"count":11,"href":"https:\/\/booster-bureaux-labos.com\/index.php\/wp-json\/wp\/v2\/pages\/136\/revisions"}],"predecessor-version":[{"id":333,"href":"https:\/\/booster-bureaux-labos.com\/index.php\/wp-json\/wp\/v2\/pages\/136\/revisions\/333"}],"wp:featuredmedia":[{"embeddable":true,"href":"https:\/\/booster-bureaux-labos.com\/index.php\/wp-json\/wp\/v2\/media\/268"}],"wp:attachment":[{"href":"https:\/\/booster-bureaux-labos.com\/index.php\/wp-json\/wp\/v2\/media?parent=136"}],"curies":[{"name":"wp","href":"https:\/\/api.w.org\/{rel}","templated":true}]}}