{"id":179,"date":"2025-01-14T14:52:23","date_gmt":"2025-01-14T13:52:23","guid":{"rendered":"https:\/\/booster-bureaux-labos.com\/?page_id=179"},"modified":"2025-01-20T11:06:43","modified_gmt":"2025-01-20T10:06:43","slug":"politique-relatives-aux-cookies","status":"publish","type":"page","link":"https:\/\/booster-bureaux-labos.com\/index.php\/politique-relatives-aux-cookies\/","title":{"rendered":"Politique relatives aux cookies"},"content":{"rendered":"\n<p>Mise \u00e0 jour le 5 mars 2023<\/p>\n\n\n\n<h2 class=\"wp-block-heading\">Table des mati\u00e8res<\/h2>\n\n\n\n<p><a href=\"#_Toc126601067\">Qu\u2019est-ce qu\u2019un cookie&nbsp;?. 1<\/a><\/p>\n\n\n\n<p><a href=\"#_Toc126601068\">Quels sont les cookies pr\u00e9sents sur le Site&nbsp;?. 1<\/a><\/p>\n\n\n\n<p><a href=\"#_Toc126601069\">Comment sont g\u00e9rer les cookies&nbsp;?. 3<\/a><\/p>\n\n\n\n<p><a href=\"#_Toc126601070\">Quels sont vos droits&nbsp;?. 4<\/a><\/p>\n\n\n\n<p>Cette Politique relative aux cookies s\u2019applique au site internet <a href=\"https:\/\/www.booster-bureaux-labos.com\">https:\/\/www.booster-bureaux-labos.com<\/a> (ci-apr\u00e8s \u00ab&nbsp;<strong>Site<\/strong>&nbsp;\u00bb) \u00e9dit\u00e9 par EM2C GROUPE (ci-apr\u00e8s \u00ab&nbsp;<strong>EM2C&nbsp;<\/strong>\u00bb), soci\u00e9t\u00e9 par actions simplifi\u00e9e (SAS), immatricul\u00e9e au registre du commerce et des soci\u00e9t\u00e9s de Lyon sous le n\u00b0438 355 398 et dont le si\u00e8ge social est sis 14, Chemin de la plaine, 69390 Vourles (France).<\/p>\n\n\n\n<p>Cette Politique vous permet de mieux comprendre pourquoi et comment EM2C utilise les cookies et comment fonctionnent ces cookies ainsi que les outils actuels afin de les param\u00e9trer.<\/p>\n\n\n\n<h2 class=\"wp-block-heading\"><a id=\"_Toc126601067\">Qu\u2019est-ce qu\u2019un cookie&nbsp;?<\/a><\/h2>\n\n\n\n<p>Un cookie est un petit fichier informatique, un&nbsp;traceur, d\u00e9pos\u00e9 et lu \u00e0 l\u2019occasion de la consultation ou de l\u2019utilisation d&#8217;un service en ligne et ce quel que soit le type de terminal utilis\u00e9 (ordinateur, tablette, t\u00e9l\u00e9phone mobile ou tout autre appareil optimis\u00e9 pour Internet).<\/p>\n\n\n\n<p>Certains cookies sont indispensables \u00e0 l\u2019utilisation du Site, d\u2019autres permettent d\u2019optimiser et de personnaliser les contenus affich\u00e9s. Ils permettent notamment de se souvenir d\u2019informations, comme vos pr\u00e9f\u00e9rences ou encore les informations que vous avez pr\u00e9c\u00e9demment saisies dans des formulaires pr\u00e9sents sur le site.<\/p>\n\n\n\n<p>Le terme cookies est \u00e9galement utilis\u00e9 de fa\u00e7on g\u00e9n\u00e9rique pour d\u00e9signer d\u2019autres technologies similaires telles que les pixels qui sont des images minuscules int\u00e9gr\u00e9es dans des pages web ou dans des courriels et qui, associ\u00e9es au d\u00e9p\u00f4t de cookies, permettent d\u2019identifier la mani\u00e8re dont vous interagissez avec le contenu d\u2019un courriel ou du contenu web.<\/p>\n\n\n\n<h2 class=\"wp-block-heading\"><a id=\"_Toc126601068\">Quels sont les cookies pr\u00e9sents sur le Site&nbsp;?<\/a><strong><u><\/u><\/strong><\/h2>\n\n\n\n<p>Lors de votre visite sur le Site, des cookies peuvent \u00eatre install\u00e9s sur votre terminal par EM2C ou par nos partenaires.<\/p>\n\n\n\n<p>Il s\u2019agit de 4 types de cookies qui poursuivent les finalit\u00e9s suivantes :<\/p>\n\n\n\n<ul class=\"wp-block-list\">\n<li>Assurer le bon fonctionnement de nos sites web \u2013 cookies strictement n\u00e9cessaires ;<\/li>\n\n\n\n<li>Mesurer notre audience et recueillir des donn\u00e9es analytiques sur le comportement des utilisateurs \u2013 cookies de mesures d\u2019audience\u00a0;<\/li>\n\n\n\n<li>Am\u00e9liorer l\u2019exp\u00e9rience de nos utilisateurs en se souvenant de choix que vous avez d\u00e9j\u00e0 fait lors de visites pr\u00e9c\u00e9dentes \u2013 cookies fonctionnels\u00a0;<\/li>\n\n\n\n<li>Vous proposez des publicit\u00e9s adapt\u00e9es \u00e0 vos centres d\u2019int\u00e9r\u00eat \u2013 cookies publicitaires.<\/li>\n<\/ul>\n\n\n\n<p><strong>Les cookies strictement n\u00e9cessaires<\/strong><strong><\/strong><\/p>\n\n\n\n<p>Ces cookies sont indispensables au bon fonctionnement du Site et \u00e0 la navigation sur le site. C\u2019est la raison pour laquelle ces cookies ne n\u00e9cessitent pas votre consentement.<\/p>\n\n\n\n<figure class=\"wp-block-table\"><table class=\"has-fixed-layout\"><tbody><tr><td>Nom<\/td><td>Finalit\u00e9<\/td><td>Source<\/td><td>Dur\u00e9e de conservation<\/td><\/tr><tr><td>CONSENT<\/td><td>Ce cookie est utilis\u00e9 pour d\u00e9tecter si le visiteur a accept\u00e9 la cat\u00e9gorie marketing dans la banni\u00e8re de cookie.<\/td><td>Youtube<\/td><td>2 ann\u00e9es<\/td><\/tr><\/tbody><\/table><\/figure>\n\n\n\n<p><strong>Les cookies analytiques \/ de performance<\/strong><strong>&nbsp;<\/strong><strong><\/strong><\/p>\n\n\n\n<p>Ces cookies sont destin\u00e9s \u00e0 \u00e9tablir la volum\u00e9trie et des statistiques de fr\u00e9quentation du site, des diff\u00e9rentes rubriques. Il s&#8217;agit de cookies qui nous permettent de conna\u00eetre l&#8217;utilisation et les performances de notre Site, d&#8217;\u00e9tablir des statistiques, des volumes de fr\u00e9quentation et d&#8217;utilisation des divers \u00e9l\u00e9ments de notre Site (contenus visit\u00e9s, parcours) nous permettant d&#8217;am\u00e9liorer l&#8217;int\u00e9r\u00eat et l&#8217;ergonomie de nos services (les pages ou les rubriques les plus souvent consult\u00e9es, les articles les plus lus, &#8230;).<\/p>\n\n\n\n<figure class=\"wp-block-table\"><table class=\"has-fixed-layout\"><tbody><tr><td>Nom<\/td><td>Finalit\u00e9<\/td><td>Source<\/td><td>Dur\u00e9e de conservation<\/td><\/tr><tr><td><a>_ga<\/a><\/td><td>Ce cookie enregistre un identifiant unique utilis\u00e9 pour g\u00e9n\u00e9rer des donn\u00e9es statistiques sur la fa\u00e7on dont le visiteur utilise le site. &nbsp;<\/td><td>EM2C<\/td><td>2 ann\u00e9es\u00a0<\/td><\/tr><tr><td>_gat<\/td><td>Ce cookie est utilis\u00e9 par Google Analytics pour diminuer radicalement le taux de requ\u00eates. &nbsp;<\/td><td>EM2C<\/td><td>1 jour<\/td><\/tr><tr><td>_gid<\/td><td>Ce cookie enregistre un identifiant unique utilis\u00e9 pour g\u00e9n\u00e9rer des donn\u00e9es statistiques sur la fa\u00e7on dont le visiteur utilise le site. &nbsp;<\/td><td>EM2C<\/td><td>1 jour<\/td><\/tr><\/tbody><\/table><\/figure>\n\n\n\n<p><strong>Les cookies publicitaires<\/strong><strong>&nbsp;<\/strong><strong><\/strong><\/p>\n\n\n\n<p>Ces cookies sont utilis\u00e9s afin de suivre les internautes sur notre Site dans l\u2019intention d&#8217;afficher des annonces pertinentes.<\/p>\n\n\n\n<figure class=\"wp-block-table\"><table class=\"has-fixed-layout\"><tbody><tr><td>Nom<\/td><td>Finalit\u00e9<\/td><td>Source<\/td><td>Dur\u00e9e de conservation<\/td><\/tr><tr><td>&nbsp;DEVICE_INFO<\/td><td>Ce cookie est utilis\u00e9 pour suivre l&#8217;interaction de l&#8217;utilisateur avec le contenu int\u00e9gr\u00e9<\/td><td>Youtube<\/td><td>180 jours<\/td><\/tr><tr><td>VISITOR_INFO1_LIVE<\/td><td>Ce cookie tente d&#8217;estimer la bande passante des utilisateurs sur des pages avec des vid\u00e9os YouTube int\u00e9gr\u00e9es<\/td><td>Youtube<\/td><td>180 jours<\/td><\/tr><tr><td>YSC<\/td><td>Ce cookie enregistre un identifiant unique pour conserver des statistiques sur les vid\u00e9os de YouTube vues par l&#8217;utilisateur<\/td><td>Youtube<\/td><td>Session<\/td><\/tr><\/tbody><\/table><\/figure>\n\n\n\n<p>La liste des cookies mentionn\u00e9e ci-dessus est susceptible d\u2019\u00e9voluer en fonction de nos activit\u00e9s.<\/p>\n\n\n\n<h2 class=\"wp-block-heading\"><a id=\"_Toc126601069\">Comment sont g\u00e9rer les cookies&nbsp;?<\/a><\/h2>\n\n\n\n<p><strong>La gestion des cookies aupr\u00e8s de EM2C<\/strong><strong><\/strong><\/p>\n\n\n\n<p>EM2C vous donne la pleine ma\u00eetrise sur les cookies d\u00e9pos\u00e9s sur votre terminal, via le bandeau d\u2019information qui s\u2019affiche lors de votre premi\u00e8re connexion \u00e0 notre Site. Vous pouvez choisir d\u2019accepter ou de refuser le d\u00e9p\u00f4t de certains cookies sur votre terminal, sauf pour les cookies strictement n\u00e9cessaires qui sont essentiels pour le bon fonctionnement de nos services et sont ainsi automatiquement d\u00e9pos\u00e9s.<\/p>\n\n\n\n<p>Vous pouvez \u00e0 tout moment modifier vos choix de cookies d\u00e9pos\u00e9s en utilisant notre module de param\u00e9trage de vos pr\u00e9f\u00e9rences \u00ab<a>\u00a0G\u00e9rer le consentement\u00a0<\/a>\u00bb disponible en bas de chaque page du Site.<\/p>\n\n\n\n<p>Sachez que les cookies jouent un r\u00f4le important dans le fonctionnement de nos services. Par cons\u00e9quent, si vous refusez ou supprimez des cookies, cela pourrait affecter la disponibilit\u00e9 et le fonctionnement des services.<\/p>\n\n\n\n<p><strong>La gestion de cookies sur votre navigateur internet<\/strong><strong><\/strong><\/p>\n\n\n\n<p>La plupart des navigateurs acceptent les cookies par d\u00e9faut. Cependant, vous pouvez d\u00e9cider de bloquer ces cookies ou demander \u00e0 votre navigateur de vous avertir lorsqu\u2019un site tente d\u2019impl\u00e9menter un cookie sur votre terminal. Dans ce contexte, nous vous informons que vous pouvez param\u00e9trer votre navigateur pour supprimer ou rejeter par d\u00e9faut des cookies. Pour la gestion des cookies et de vos choix, la configuration de chaque navigateur est diff\u00e9rente. Elle est d\u00e9crite dans le menu d&#8217;aide de votre navigateur, qui vous permettra de savoir de quelle mani\u00e8re modifier vos souhaits en mati\u00e8re de cookies.<\/p>\n\n\n\n<p>Veuillez consulter les liens suivants, selon le navigateur&nbsp;:<\/p>\n\n\n\n<p>Chrome :&nbsp;<a href=\"https:\/\/support.google.com\/chrome\/answer\/95647?hl=fr\">https:\/\/support.google.com\/chrome\/answer\/95647?hl=fr<\/a><\/p>\n\n\n\n<p>Internet Explorer :&nbsp;<a href=\"https:\/\/support.microsoft.com\/fr-fr\/help\/17442\/windows-internet-explorer-delete-manage-cookies\">https:\/\/support.microsoft.com\/fr-fr\/help\/17442\/windows-internet-explorer-delete-manage-cookies<\/a><\/p>\n\n\n\n<p>Safari :&nbsp;<a href=\"https:\/\/support.apple.com\/fr-fr\/guide\/safari\/sfri11471\/mac\">https:\/\/support.apple.com\/fr-fr\/guide\/safari\/sfri11471\/mac<\/a><\/p>\n\n\n\n<p>Firefox :&nbsp;<a href=\"https:\/\/support.mozilla.org\/fr\/products\/firefox\/protect-your-privacy\/cookies\">https:\/\/support.mozilla.org\/fr\/products\/firefox\/protect-your-privacy\/cookies<\/a><\/p>\n\n\n\n<p>Op\u00e9ra :&nbsp;<a href=\"https:\/\/www.opera.com\/help\/tutorials\/security\/privacy\/\">https:\/\/www.opera.com\/help\/tutorials\/security\/privacy\/<\/a>&nbsp;:<\/p>\n\n\n\n<p>Le param\u00e9trage choisi sera susceptible de modifier votre navigation sur Internet et vos conditions d\u2019acc\u00e8s \u00e0 certains services n\u00e9cessitant l\u2019utilisation de cookies.<\/p>\n\n\n\n<h2 class=\"wp-block-heading\"><a id=\"_Toc126601070\">Quels sont vos droits&nbsp;?<\/a><\/h2>\n\n\n\n<p>Si vous avez des questions ou commentaires sur la fa\u00e7on dont nous utilisons les cookies, vous pouvez nous contacter&nbsp;:<\/p>\n\n\n\n<ul class=\"wp-block-list\">\n<li>Par email \u00e0 l\u2019adresse mail suivante : <a href=\"mailto:rgpd@em2c.com\">rgpd@em2c.com<\/a> ou<\/li>\n\n\n\n<li>Par courrier \u00e0 l\u2019adresse suivante\u00a0: EM2C Groupe, A l\u2019attention de la Direction Juridique, 14 Chemin de la plaine 69390 Vourles.<\/li>\n<\/ul>\n\n\n\n<p>S\u2019agissant des cookies tiers d\u00e9pos\u00e9s sur notre Site, ils sont susceptibles de permettre \u00e0 nos partenaires de traiter vos donn\u00e9es personnelles si vous les acceptez. Vous pouvez consulter la mani\u00e8re dont vos donn\u00e9es personnelles sont g\u00e9r\u00e9es sur leurs sites internet.<\/p>\n\n\n\n<p>Pour en savoir plus sur vos droits en mati\u00e8re de protection des donn\u00e9es personnelles, vous pouvez consulter le site internet de la CNIL : <a href=\"http:\/\/www.cnil.fr\">www.cnil.fr<\/a><\/p>\n\n\n\n<p><strong><u>ENTREE EN VIGUEUR <\/u><\/strong><strong><u><\/u><\/strong><\/p>\n\n\n\n<p>La pr\u00e9sente politique cookies et ses \u00e9ventuelles modifications entrent en vigueur \u00e0 la date de la mise en ligne sur le Site de la derni\u00e8re version \u00e0 jour.<strong><u><\/u><\/strong><\/p>\n\n\n\n<hr class=\"wp-block-separator has-alpha-channel-opacity\"\/>\n\n\n\n<p><a id=\"_msocom_1\"><\/a><\/p>\n","protected":false},"excerpt":{"rendered":"<p>Mise \u00e0 jour le 5 mars 2023 Table des mati\u00e8res Qu\u2019est-ce qu\u2019un cookie&nbsp;?. 1 Quels sont les cookies pr\u00e9sents sur le Site&nbsp;?. 1 Comment sont g\u00e9rer les cookies&nbsp;?. 3 Quels sont vos droits&nbsp;?. 4 Cette Politique relative aux cookies s\u2019applique au site internet https:\/\/www.booster-bureaux-labos.com (ci-apr\u00e8s \u00ab&nbsp;Site&nbsp;\u00bb) \u00e9dit\u00e9 par EM2C GROUPE (ci-apr\u00e8s \u00ab&nbsp;EM2C&nbsp;\u00bb), soci\u00e9t\u00e9 par actions &hellip; <\/p>\n<p class=\"link-more\"><a href=\"https:\/\/booster-bureaux-labos.com\/index.php\/politique-relatives-aux-cookies\/\" class=\"more-link\">Read more<span class=\"screen-reader-text\"> &#8220;Politique relatives aux cookies&#8221;<\/span><\/a><\/p>\n","protected":false},"author":1,"featured_media":0,"parent":0,"menu_order":0,"comment_status":"closed","ping_status":"closed","template":"","meta":{"footnotes":""},"class_list":["post-179","page","type-page","status-publish","hentry"],"_links":{"self":[{"href":"https:\/\/booster-bureaux-labos.com\/index.php\/wp-json\/wp\/v2\/pages\/179","targetHints":{"allow":["GET"]}}],"collection":[{"href":"https:\/\/booster-bureaux-labos.com\/index.php\/wp-json\/wp\/v2\/pages"}],"about":[{"href":"https:\/\/booster-bureaux-labos.com\/index.php\/wp-json\/wp\/v2\/types\/page"}],"author":[{"embeddable":true,"href":"https:\/\/booster-bureaux-labos.com\/index.php\/wp-json\/wp\/v2\/users\/1"}],"replies":[{"embeddable":true,"href":"https:\/\/booster-bureaux-labos.com\/index.php\/wp-json\/wp\/v2\/comments?post=179"}],"version-history":[{"count":4,"href":"https:\/\/booster-bureaux-labos.com\/index.php\/wp-json\/wp\/v2\/pages\/179\/revisions"}],"predecessor-version":[{"id":349,"href":"https:\/\/booster-bureaux-labos.com\/index.php\/wp-json\/wp\/v2\/pages\/179\/revisions\/349"}],"wp:attachment":[{"href":"https:\/\/booster-bureaux-labos.com\/index.php\/wp-json\/wp\/v2\/media?parent=179"}],"curies":[{"name":"wp","href":"https:\/\/api.w.org\/{rel}","templated":true}]}}