{"id":181,"date":"2025-01-14T14:58:30","date_gmt":"2025-01-14T13:58:30","guid":{"rendered":"https:\/\/booster-bureaux-labos.com\/?page_id=181"},"modified":"2025-01-20T11:09:20","modified_gmt":"2025-01-20T10:09:20","slug":"mentions-legales","status":"publish","type":"page","link":"https:\/\/booster-bureaux-labos.com\/index.php\/mentions-legales\/","title":{"rendered":"Mentions l\u00e9gales"},"content":{"rendered":"\n<ol class=\"wp-block-list\">\n<li><strong><u>Editeur du site internet <\/u><\/strong><a href=\"https:\/\/www.booster-bureaux-labos.com\">https:\/\/www.booster-bureaux-labos.com<\/a><strong><u> <\/u><\/strong><\/li>\n<\/ol>\n\n\n\n<p><a>Le pr\u00e9sent site Internet disponible \u00e0 l\u2019adresse&nbsp;<\/a><a href=\"https:\/\/www.booster-bureaux-labos.com\">https:\/\/www.booster-bureaux-labos.com<\/a><strong><u> <\/u><\/strong>(ci-apr\u00e8s le \u00ab&nbsp;<strong>Site&nbsp;<\/strong>\u00bb) est exploit\u00e9 et \u00e9dit\u00e9 par la soci\u00e9t\u00e9 em2c Groupe, soci\u00e9t\u00e9 par actions simplifi\u00e9e au capital de 2.641.980 euros, immatricul\u00e9e au Registre du Commerce et des Soci\u00e9t\u00e9s de Lyon sous le num\u00e9ro 438&nbsp;355 398 et dont le si\u00e8ge social est sis 14 chemin de la plaine &#8211; 69390 Vourles (ci-apr\u00e8s \u00ab <strong>EM2C <\/strong>\u00bb).<\/p>\n\n\n\n<ul class=\"wp-block-list\">\n<li><strong><u>Acc\u00e8s au site<\/u><\/strong><\/li>\n<\/ul>\n\n\n\n<p>Vous reconnaissez disposer de la comp\u00e9tence et des moyens n\u00e9cessaires pour acc\u00e9der et utiliser ce Site.&nbsp;&nbsp;&nbsp;&nbsp;&nbsp;&nbsp;&nbsp;&nbsp;&nbsp;&nbsp;&nbsp;<br>Son acc\u00e8s est gratuit. Les frais d\u2019acc\u00e8s et d\u2019utilisation du r\u00e9seau de t\u00e9l\u00e9communication sont \u00e0 votre charge, selon les modalit\u00e9s fix\u00e9es par vos fournisseurs d\u2019acc\u00e8s et op\u00e9rateurs de t\u00e9l\u00e9communication.<br>Nous nous r\u00e9servons le droit d\u2019interrompre \u00e0 tout moment le service quelle que soit la cause et sans fournir de justification et ne pourront \u00eatre tenus responsables des cons\u00e9quences de ces interruptions.<\/p>\n\n\n\n<ul class=\"wp-block-list\">\n<li><strong><u>\u00a0Traitement des donn\u00e9es personnelles<\/u><\/strong><\/li>\n<\/ul>\n\n\n\n<p><a>Soucieux du respect des r\u00e8gles fran\u00e7aises et europ\u00e9ennes applicables aux traitements des donn\u00e9es personnelles, EM2C vous informe que le traitement de celles-ci fait l\u2019objet d\u2019une\u00a0<\/a><a href=\"https:\/\/booster-bureaux-labos.com\/index.php\/politique-de-confidentialite-et-de-protection-des-donnees-personnelles\/\" target=\"_blank\" rel=\"noreferrer noopener\">Politique de confidentialit\u00e9<\/a><a href=\"https:\/\/www.present-perfect.fr\/politique-de-confidentialit%C3%A9-et-cookies\" target=\"_blank\" rel=\"noreferrer noopener\"> et<\/a> de protection des donn\u00e9es personnelles\u00a0que vous pouvez consulter en cliquant ci-dessus.<\/p>\n\n\n\n<ul class=\"wp-block-list\">\n<li><a><strong><u>H\u00e9bergement du Site<\/u><\/strong><\/a><\/li>\n<\/ul>\n\n\n\n<p><a>Le Site est h\u00e9berg\u00e9 par la soci\u00e9t\u00e9 OVH (<\/a><a href=\"http:\/\/www.ovh.com\">www.ovh.com<\/a> )<br>Si\u00e8ge social : 2 rue Kellermann \u2013 59100 Roubaix \u2013 France<br>SAS au capital de 10 069 020 \u20ac \u2013 RCS Lille M\u00e9tropole 424 761 419 00045 \u2013 Code APE 2620Z \u2013 N\u00b0 TVA : FR 22 424 761 419. &nbsp;<\/p>\n\n\n\n<ul class=\"wp-block-list\">\n<li><strong><u>Responsabilit\u00e9<\/u><\/strong><\/li>\n<\/ul>\n\n\n\n<p>EM2C&nbsp;et toutes soci\u00e9t\u00e9s ayant contribu\u00e9 \u00e0 la cr\u00e9ation et \u00e0 la mise en place de ce Site ne peuvent \u00eatre tenues pour responsable d\u2019\u00e9ventuels dommages, co\u00fbts, pertes, directs, accidentels ou indirects ou pour tout autre risque faisant suite \u00e0 votre acc\u00e8s ou utilisation de ce Site (ou acc\u00e8s et utilisation d\u2019autres sites qui lui sont li\u00e9s).<\/p>\n\n\n\n<p><br>EM2C&nbsp;ne saurait \u00eatre tenue responsable d\u2019un dommage ou virus qui pourrait infecter votre ordinateur ou tout mat\u00e9riel informatique, suite \u00e0 une utilisation ou acc\u00e8s au Site ou t\u00e9l\u00e9chargement provenant de ce Site (ou de tout autre site qui lui est li\u00e9).<\/p>\n\n\n\n<p><br>Les informations donn\u00e9es sur ce Site n\u2019ont aucune valeur contractuelle. Il en va de m\u00eame pour les images.<\/p>\n\n\n\n<ul class=\"wp-block-list\">\n<li><a><strong><u>Directeur de la publication<\/u><\/strong><\/a><\/li>\n<\/ul>\n\n\n\n<p>Le Directeur de la publication est Monsieur Yohann Patet, en sa qualit\u00e9 de Directeur g\u00e9n\u00e9ral de EM2C.<\/p>\n\n\n\n<ul class=\"wp-block-list\">\n<li><strong><u>Propri\u00e9t\u00e9 intellectuelle<\/u><\/strong><\/li>\n<\/ul>\n\n\n\n<p><a>Tous les textes, commentaires, documents, illustrations, images, photographies, vid\u00e9os, contenus \u00e9crits et marques reproduits sur ce Site sont la propri\u00e9t\u00e9 exclusive de&nbsp;<strong>Em2c ou diffus\u00e9s par Em2c avec l\u2019autorisation de leurs auteurs et\/ou ayants-droits, et sont prot\u00e9g\u00e9s par les lois fran\u00e7aises et internationales relatives \u00e0 la propri\u00e9t\u00e9 intellectuelle<\/strong>.<\/a><\/p>\n\n\n\n<p>\u200b<\/p>\n\n\n\n<p>Les \u00e9l\u00e9ments pr\u00e9sents sur le Site ne peuvent faire l\u2019objet, m\u00eame partiellement, de reproduction, repr\u00e9sentation, pr\u00eat, \u00e9change ou cession, d\u2019extraction totale ou partielle de donn\u00e9es et\/ou d\u2019un transfert sur un autre support, de modification, adaptation, arrangement ou transformation.&nbsp;<\/p>\n\n\n\n<p>Par ailleurs, l\u2019utilisation des \u00e9l\u00e9ments du Site sur tout support, sans autorisation \u00e9crite de EM2C est interdite sous peine de poursuites p\u00e9nales et civiles.<\/p>\n\n\n\n<h2 class=\"wp-block-heading\"><strong>CREDITS :<\/strong><\/h2>\n\n\n\n<p><strong>Conception&nbsp;:<\/strong><br>Service communication du&nbsp;<strong>Groupe em2c<\/strong><\/p>\n\n\n\n<p><strong>Webdesign :&nbsp;&nbsp;&nbsp;&nbsp;&nbsp;<\/strong><br>Service communication du&nbsp;<strong>Groupe em2c<\/strong><\/p>\n\n\n\n<p><strong>D\u00e9veloppement :&nbsp;&nbsp;&nbsp;&nbsp;&nbsp;&nbsp;&nbsp;&nbsp;&nbsp;&nbsp;&nbsp;<\/strong><br>Service communication du&nbsp;<strong>Groupe em2c<\/strong><\/p>\n\n\n\n<p><strong>Photos&nbsp;:<\/strong><br>Service communication du&nbsp;<strong>Groupe em2c<\/strong><\/p>\n\n\n\n<p><strong>Perspectives 3D&nbsp;et images g\u00e9n\u00e9r\u00e9es par l\u2019ia:&nbsp;&nbsp;&nbsp;&nbsp;<\/strong><br>Pixel de Lune<\/p>\n\n\n\n<p>Midjourney<\/p>\n\n\n\n<hr class=\"wp-block-separator has-alpha-channel-opacity\"\/>\n\n\n\n<p><a id=\"_msocom_1\"><\/a><\/p>\n","protected":false},"excerpt":{"rendered":"<p>Le pr\u00e9sent site Internet disponible \u00e0 l\u2019adresse&nbsp;https:\/\/www.booster-bureaux-labos.com (ci-apr\u00e8s le \u00ab&nbsp;Site&nbsp;\u00bb) est exploit\u00e9 et \u00e9dit\u00e9 par la soci\u00e9t\u00e9 em2c Groupe, soci\u00e9t\u00e9 par actions simplifi\u00e9e au capital de 2.641.980 euros, immatricul\u00e9e au Registre du Commerce et des Soci\u00e9t\u00e9s de Lyon sous le num\u00e9ro 438&nbsp;355 398 et dont le si\u00e8ge social est sis 14 chemin de la plaine &hellip; <\/p>\n<p class=\"link-more\"><a href=\"https:\/\/booster-bureaux-labos.com\/index.php\/mentions-legales\/\" class=\"more-link\">Read more<span class=\"screen-reader-text\"> &#8220;Mentions l\u00e9gales&#8221;<\/span><\/a><\/p>\n","protected":false},"author":1,"featured_media":0,"parent":0,"menu_order":0,"comment_status":"closed","ping_status":"closed","template":"","meta":{"footnotes":""},"class_list":["post-181","page","type-page","status-publish","hentry"],"_links":{"self":[{"href":"https:\/\/booster-bureaux-labos.com\/index.php\/wp-json\/wp\/v2\/pages\/181","targetHints":{"allow":["GET"]}}],"collection":[{"href":"https:\/\/booster-bureaux-labos.com\/index.php\/wp-json\/wp\/v2\/pages"}],"about":[{"href":"https:\/\/booster-bureaux-labos.com\/index.php\/wp-json\/wp\/v2\/types\/page"}],"author":[{"embeddable":true,"href":"https:\/\/booster-bureaux-labos.com\/index.php\/wp-json\/wp\/v2\/users\/1"}],"replies":[{"embeddable":true,"href":"https:\/\/booster-bureaux-labos.com\/index.php\/wp-json\/wp\/v2\/comments?post=181"}],"version-history":[{"count":2,"href":"https:\/\/booster-bureaux-labos.com\/index.php\/wp-json\/wp\/v2\/pages\/181\/revisions"}],"predecessor-version":[{"id":351,"href":"https:\/\/booster-bureaux-labos.com\/index.php\/wp-json\/wp\/v2\/pages\/181\/revisions\/351"}],"wp:attachment":[{"href":"https:\/\/booster-bureaux-labos.com\/index.php\/wp-json\/wp\/v2\/media?parent=181"}],"curies":[{"name":"wp","href":"https:\/\/api.w.org\/{rel}","templated":true}]}}