{"id":63,"date":"2025-01-14T09:56:14","date_gmt":"2025-01-14T08:56:14","guid":{"rendered":"https:\/\/booster-bureaux-labos.com\/?page_id=63"},"modified":"2025-02-27T11:41:40","modified_gmt":"2025-02-27T10:41:40","slug":"acces","status":"publish","type":"page","link":"https:\/\/booster-bureaux-labos.com\/index.php\/acces\/","title":{"rendered":"Localisation et Acc\u00e8s"},"content":{"rendered":"\n<div class=\"wp-block-columns alignwide is-layout-flex wp-container-core-columns-is-layout-28f84493 wp-block-columns-is-layout-flex\">\n<div class=\"wp-block-column is-layout-flow wp-block-column-is-layout-flow\" style=\"flex-basis:40%\">\n<h1 class=\"wp-block-heading has-x-large-font-size\"><strong>BOOSTER 2<\/strong><\/h1>\n\n\n\n<div class=\"wp-block-group is-nowrap is-layout-flex wp-container-core-group-is-layout-6c531013 wp-block-group-is-layout-flex\">\n<h1 class=\"wp-block-heading\"><strong>Votre laboratoire, vos bureaux \u00e0 la Porte Sud de Lyon<\/strong><\/h1>\n<\/div>\n\n\n\n<p>\u00c0 la porte d\u2019entr\u00e9e sud de la M\u00e9tropole de Lyon, la dynamique \u00e9conomique et d\u00e9mographique de la Vall\u00e9e de la Chimie b\u00e9n\u00e9ficie d\u2019une connexion multimodale strat\u00e9gique. \u00c0 900 m\u00e8tres de la Gare de Saint-Fons, \u00e0 4 minutes de l\u2019A7 en direction de Marseille, avec de nombreuses lignes de bus, Saint-Fons b\u00e9n\u00e9ficie d\u2019une excellente connectivit\u00e9. Elle permet de rejoindre rapidement les hauts lieux d\u2019affaires de l\u2019agglom\u00e9ration lyonnaise et les grands axes de communication pour la quitter.<\/p>\n\n\n\n<div style=\"height:4px\" aria-hidden=\"true\" class=\"wp-block-spacer\"><\/div>\n\n\n\n<h2 class=\"wp-block-heading has-text-color has-link-color has-small-font-size wp-elements-dabda5ca98fa31db2983f4c3af0c71fa\" style=\"color:#30ac68\"><strong>Adresse <\/strong>: <br>20 rue Prosper Monnet, 69190 Saint-Fons<\/h2>\n<\/div>\n\n\n\n<div class=\"wp-block-column is-vertically-aligned-bottom is-layout-flow wp-block-column-is-layout-flow\" style=\"flex-basis:75%\">\n<figure class=\"wp-block-image size-full\"><img loading=\"lazy\" decoding=\"async\" width=\"1000\" height=\"795\" src=\"https:\/\/booster-bureaux-labos.com\/wp-content\/uploads\/2025\/01\/Localisation-Booster-WEB-2.png\" alt=\"\" class=\"wp-image-302\" style=\"object-fit:cover\" srcset=\"https:\/\/booster-bureaux-labos.com\/wp-content\/uploads\/2025\/01\/Localisation-Booster-WEB-2.png 1000w, https:\/\/booster-bureaux-labos.com\/wp-content\/uploads\/2025\/01\/Localisation-Booster-WEB-2-300x239.png 300w\" sizes=\"auto, (max-width: 1000px) 100vw, 1000px\" \/><\/figure>\n<\/div>\n<\/div>\n\n\n\n<figure data-wp-context=\"{&quot;imageId&quot;:&quot;69e238002a7bc&quot;}\" data-wp-interactive=\"core\/image\" data-wp-key=\"69e238002a7bc\" class=\"wp-block-image alignfull size-full wp-lightbox-container\"><img loading=\"lazy\" decoding=\"async\" width=\"2560\" height=\"1832\" data-wp-class--hide=\"state.isContentHidden\" data-wp-class--show=\"state.isContentVisible\" data-wp-init=\"callbacks.setButtonStyles\" data-wp-on--click=\"actions.showLightbox\" data-wp-on--load=\"callbacks.setButtonStyles\" data-wp-on-window--resize=\"callbacks.setButtonStyles\" src=\"https:\/\/booster-bureaux-labos.com\/wp-content\/uploads\/2025\/01\/20240618-Booster-transports-en-commun-WEB-scaled.jpg\" alt=\"\" class=\"wp-image-65\" srcset=\"https:\/\/booster-bureaux-labos.com\/wp-content\/uploads\/2025\/01\/20240618-Booster-transports-en-commun-WEB-scaled.jpg 2560w, https:\/\/booster-bureaux-labos.com\/wp-content\/uploads\/2025\/01\/20240618-Booster-transports-en-commun-WEB-300x215.jpg 300w, https:\/\/booster-bureaux-labos.com\/wp-content\/uploads\/2025\/01\/20240618-Booster-transports-en-commun-WEB-1024x733.jpg 1024w, https:\/\/booster-bureaux-labos.com\/wp-content\/uploads\/2025\/01\/20240618-Booster-transports-en-commun-WEB-2000x1432.jpg 2000w\" sizes=\"auto, (max-width: 2560px) 100vw, 2560px\" \/><button\n\t\t\tclass=\"lightbox-trigger\"\n\t\t\ttype=\"button\"\n\t\t\taria-haspopup=\"dialog\"\n\t\t\taria-label=\"Enlarge\"\n\t\t\tdata-wp-init=\"callbacks.initTriggerButton\"\n\t\t\tdata-wp-on--click=\"actions.showLightbox\"\n\t\t\tdata-wp-style--right=\"state.imageButtonRight\"\n\t\t\tdata-wp-style--top=\"state.imageButtonTop\"\n\t\t>\n\t\t\t<svg xmlns=\"http:\/\/www.w3.org\/2000\/svg\" width=\"12\" height=\"12\" fill=\"none\" viewBox=\"0 0 12 12\">\n\t\t\t\t<path fill=\"#fff\" d=\"M2 0a2 2 0 0 0-2 2v2h1.5V2a.5.5 0 0 1 .5-.5h2V0H2Zm2 10.5H2a.5.5 0 0 1-.5-.5V8H0v2a2 2 0 0 0 2 2h2v-1.5ZM8 12v-1.5h2a.5.5 0 0 0 .5-.5V8H12v2a2 2 0 0 1-2 2H8Zm2-12a2 2 0 0 1 2 2v2h-1.5V2a.5.5 0 0 0-.5-.5H8V0h2Z\" \/>\n\t\t\t<\/svg>\n\t\t<\/button><\/figure>\n\n\n\n<div class=\"wp-block-columns alignwide has-background-background-color has-background is-layout-flex wp-container-core-columns-is-layout-28f84493 wp-block-columns-is-layout-flex\">\n<div class=\"wp-block-column is-layout-flow wp-block-column-is-layout-flow\" style=\"flex-basis:100%\"><p><iframe src=\"https:\/\/www.google.com\/maps\/embed?pb=!1m18!1m12!1m3!1d4068.757646598311!2d4.849978993162847!3d45.70729136998388!2m3!1f0!2f0!3f0!3m2!1i1024!2i768!4f13.1!3m3!1m2!1s0x47f4e9e826ce3e5f%3A0xebec7e6e2ba0ff4d!2s20%20Rue%20Prosper%20Monnet%2C%2069190%20Saint-Fons!5e0!3m2!1sfr!2sfr!4v1736845210095!5m2!1sfr!2sfr\" width=\"1200\" height=\"500\" style=\"border:0;\" allowfullscreen=\"\" loading=\"lazy\" referrerpolicy=\"no-referrer-when-downgrade\"><\/iframe><\/p>\n<\/div>\n<\/div>\n\n\n\n<div class=\"wp-block-columns alignwide has-background-background-color has-background has-small-font-size is-layout-flex wp-container-core-columns-is-layout-337a0866 wp-block-columns-is-layout-flex\" style=\"border-style:none;border-width:0px;border-radius:0px;margin-top:0;margin-bottom:0;padding-top:0;padding-right:var(--wp--preset--spacing--x-large);padding-bottom:0;padding-left:var(--wp--preset--spacing--x-large)\">\n<div class=\"wp-block-column has-x-small-font-size is-layout-flow wp-container-core-column-is-layout-1e0ee38e wp-block-column-is-layout-flow\" style=\"padding-top:var(--wp--preset--spacing--x-small);padding-right:0;padding-bottom:var(--wp--preset--spacing--x-small);padding-left:0\">\n<hr class=\"wp-block-separator has-alpha-channel-opacity is-style-wide\" style=\"margin-top:0;margin-bottom:0\"\/>\n\n\n\n<figure class=\"wp-block-image aligncenter size-full is-resized\"><img loading=\"lazy\" decoding=\"async\" width=\"273\" height=\"273\" src=\"https:\/\/booster-bureaux-labos.com\/wp-content\/uploads\/2025\/01\/Picto-voiture.png\" alt=\"\" class=\"wp-image-68\" style=\"object-fit:cover;width:180px;height:180px\" srcset=\"https:\/\/booster-bureaux-labos.com\/wp-content\/uploads\/2025\/01\/Picto-voiture.png 273w, https:\/\/booster-bureaux-labos.com\/wp-content\/uploads\/2025\/01\/Picto-voiture-150x150.png 150w\" sizes=\"auto, (max-width: 273px) 100vw, 273px\" \/><\/figure>\n\n\n\n<h3 class=\"wp-block-heading has-small-font-size\"><strong>Grands axes routiers<\/strong><\/h3>\n\n\n\n<ul class=\"wp-block-list\">\n<li>\u00e0 1 minute du <strong>p\u00e9riph\u00e9rique Laurent Bonnevay<\/strong><\/li>\n\n\n\n<li>\u00e0 4&nbsp; minutes De l\u2019A7 direction Marseille<\/li>\n\n\n\n<li>\u00e0 15&nbsp; minutes De l\u2019A6 direction Paris via le tunnel de Fourvi\u00e8re<\/li>\n\n\n\n<li>\u00e0 15 minutes de la <strong>Rocade Est<\/strong>\n<ul class=\"wp-block-list\">\n<li><strong>PARIS <\/strong>\u00e0 4 h 20<\/li>\n\n\n\n<li><strong>MARSEILLE <\/strong>\u00e0 3 h 20<\/li>\n\n\n\n<li><strong>GEN\u00c8VE <\/strong>\u00e0 1 h 40<\/li>\n\n\n\n<li><strong>TURIN <\/strong>\u00e0 3 h 40<\/li>\n<\/ul>\n<\/li>\n<\/ul>\n<\/div>\n\n\n\n<div class=\"wp-block-column has-x-small-font-size is-layout-flow wp-container-core-column-is-layout-1e0ee38e wp-block-column-is-layout-flow\" style=\"padding-top:var(--wp--preset--spacing--x-small);padding-right:0;padding-bottom:var(--wp--preset--spacing--x-small);padding-left:0\">\n<hr class=\"wp-block-separator has-alpha-channel-opacity is-style-wide\" style=\"margin-top:0;margin-bottom:0\"\/>\n\n\n\n<figure class=\"wp-block-image aligncenter size-full is-resized\"><img loading=\"lazy\" decoding=\"async\" width=\"273\" height=\"273\" src=\"https:\/\/booster-bureaux-labos.com\/wp-content\/uploads\/2025\/01\/Picto-Train.png\" alt=\"\" class=\"wp-image-69\" style=\"object-fit:cover;width:180px;height:180px\" srcset=\"https:\/\/booster-bureaux-labos.com\/wp-content\/uploads\/2025\/01\/Picto-Train.png 273w, https:\/\/booster-bureaux-labos.com\/wp-content\/uploads\/2025\/01\/Picto-Train-150x150.png 150w\" sizes=\"auto, (max-width: 273px) 100vw, 273px\" \/><\/figure>\n\n\n\n<h4 class=\"wp-block-heading has-small-font-size\"><strong>Gare TER de Saint-Fons<\/strong><\/h4>\n\n\n\n<p>\u2022 \u00e0 300 m\u00e8tres et 4 minutes \u00e0 pied<\/p>\n\n\n\n<div style=\"height:5px\" aria-hidden=\"true\" class=\"wp-block-spacer\"><\/div>\n\n\n\n<hr class=\"wp-block-separator has-alpha-channel-opacity\"\/>\n\n\n\n<h4 class=\"wp-block-heading has-small-font-size\"><strong>P\u00f4le Multimodal Jean Mac\u00e9<\/strong><\/h4>\n\n\n\n<p>\u2022 <strong>Acc\u00e8s direct <\/strong>par Gare de Saint Fons&nbsp;: \u00e0 4 minutes<\/p>\n\n\n\n<hr class=\"wp-block-separator has-alpha-channel-opacity\"\/>\n\n\n\n<div style=\"height:5px\" aria-hidden=\"true\" class=\"wp-block-spacer\"><\/div>\n\n\n\n<h4 class=\"wp-block-heading has-small-font-size\"><strong><strong>Gare TGV Perrache<\/strong><\/strong><\/h4>\n\n\n\n<p>\u2022 <strong>Acc\u00e8s direct <\/strong>par Gare de Saint Fons\u00a0: \u00e0 9 minutes<br>\u2022 En voiture : \u00e0\u00a0 20 minutes<\/p>\n\n\n\n<hr class=\"wp-block-separator has-alpha-channel-opacity\"\/>\n\n\n\n<div style=\"height:10px\" aria-hidden=\"true\" class=\"wp-block-spacer\"><\/div>\n\n\n\n<h4 class=\"wp-block-heading has-small-font-size\"><strong><strong>Gare TGV Lyon Part-Dieu<\/strong><\/strong><\/h4>\n\n\n\n<p>\u2022 <strong>Acc\u00e8s direct <\/strong>par Gare de Saint Fons\u00a0: \u00e0 15 minutes (via la gare de Lyon Jean Mac\u00e9 et m\u00e9tro)<br>\u2022 En voiture : \u00e0 15 minutes<\/p>\n<\/div>\n\n\n\n<div class=\"wp-block-column has-x-small-font-size is-layout-flow wp-container-core-column-is-layout-1e0ee38e wp-block-column-is-layout-flow\" style=\"padding-top:var(--wp--preset--spacing--x-small);padding-right:0;padding-bottom:var(--wp--preset--spacing--x-small);padding-left:0\">\n<hr class=\"wp-block-separator has-alpha-channel-opacity is-style-wide\" style=\"margin-top:0;margin-bottom:0\"\/>\n\n\n\n<figure class=\"wp-block-image aligncenter size-full is-resized\"><img loading=\"lazy\" decoding=\"async\" width=\"273\" height=\"273\" src=\"https:\/\/booster-bureaux-labos.com\/wp-content\/uploads\/2025\/01\/Picto-avion.png\" alt=\"\" class=\"wp-image-67\" style=\"object-fit:cover;width:180px;height:180px\" srcset=\"https:\/\/booster-bureaux-labos.com\/wp-content\/uploads\/2025\/01\/Picto-avion.png 273w, https:\/\/booster-bureaux-labos.com\/wp-content\/uploads\/2025\/01\/Picto-avion-150x150.png 150w\" sizes=\"auto, (max-width: 273px) 100vw, 273px\" \/><\/figure>\n\n\n\n<h3 class=\"wp-block-heading has-small-font-size\"><strong><strong>A\u00e9roport Lyon\u2013Saint Exup\u00e9ry<\/strong><\/strong><\/h3>\n\n\n\n<p>\u2022 En voiture : \u00e0 21 minutes<\/p>\n\n\n\n<div style=\"height:9px\" aria-hidden=\"true\" class=\"wp-block-spacer\"><\/div>\n\n\n\n<hr class=\"wp-block-separator has-alpha-channel-opacity is-style-default\"\/>\n\n\n\n<h3 class=\"wp-block-heading has-small-font-size\"><strong><strong>A\u00e9roport d\u2019Affaires Lyon\u2013Bron<\/strong><\/strong><\/h3>\n\n\n\n<p>\u2022 En voiture : \u00e0 13 minutes<\/p>\n<\/div>\n<\/div>\n\n\n\n<div style=\"height:279px\" aria-hidden=\"true\" class=\"wp-block-spacer\"><\/div>\n\n\n\n<div class=\"wp-block-columns is-layout-flex wp-container-core-columns-is-layout-28f84493 wp-block-columns-is-layout-flex\">\n<div class=\"wp-block-column is-layout-flow wp-block-column-is-layout-flow\" style=\"flex-basis:100%\">\n<figure class=\"wp-block-image size-full is-resized\"><img loading=\"lazy\" decoding=\"async\" width=\"270\" height=\"313\" src=\"http:\/\/booster-bureaux-labos.com\/wp-content\/uploads\/2025\/01\/vale\u2560ue-de-la-chimie.png\" alt=\"\" class=\"wp-image-153\" style=\"width:104px;height:auto\" srcset=\"https:\/\/booster-bureaux-labos.com\/wp-content\/uploads\/2025\/01\/vale\u2560ue-de-la-chimie.png 270w, https:\/\/booster-bureaux-labos.com\/wp-content\/uploads\/2025\/01\/vale\u2560ue-de-la-chimie-259x300.png 259w\" sizes=\"auto, (max-width: 270px) 100vw, 270px\" \/><\/figure>\n\n\n\n<div class=\"wp-block-group is-nowrap is-layout-flex wp-container-core-group-is-layout-6c531013 wp-block-group-is-layout-flex\">\n<div style=\"height:27px;width:0px\" aria-hidden=\"true\" class=\"wp-block-spacer wp-container-content-8a389b04\"><\/div>\n<\/div>\n\n\n\n<h1 class=\"wp-block-heading has-text-align-left\">BOOSTER 2 : au c\u0153ur de la dynamique de la mutation industrielle de Lyon-Vall\u00e9e de la Chimie<\/h1>\n\n\n\n<div style=\"height:21px\" aria-hidden=\"true\" class=\"wp-block-spacer\"><\/div>\n\n\n\n<p>Lyon-Vall\u00e9e de la Chimie est le berceau historique de l\u2019industrie chimique depuis les ann\u00e9es 1850. Territoire strat\u00e9gique de la M\u00e9tropole de Lyon, il concentre un \u00e9cosyst\u00e8me d\u2019innovations et de productions industrielles de premier plan. Sa r\u00e9cente mutation passe par la diversification de la fili\u00e8re chimie traditionnelle et la cr\u00e9ation d\u2019une cha\u00eene de valeur int\u00e9gr\u00e9e aux fili\u00e8res connexes de l\u2019\u00e9nergie, de l\u2019environnement et des cleantechs.<br>BOOSTER est l\u2019un des premiers actes de ce renouvellement \u00e9conomique con\u00e7u pour accueillir de nouveaux acteurs d\u00e9veloppant des projets innovants.<\/p>\n<\/div>\n<\/div>\n\n\n\n<div style=\"height:37px\" aria-hidden=\"true\" class=\"wp-block-spacer\"><\/div>\n\n\n\n<div class=\"wp-block-columns is-layout-flex wp-container-core-columns-is-layout-28f84493 wp-block-columns-is-layout-flex\">\n<div class=\"wp-block-column is-layout-flow wp-block-column-is-layout-flow\" style=\"flex-basis:33.33%\">\n<div style=\"height:8px\" aria-hidden=\"true\" class=\"wp-block-spacer\"><\/div>\n\n\n\n<h2 class=\"wp-block-heading has-medium-font-size\">Lyon <a href=\"https:\/\/lyonvalleedelachimie.fr\/\">Vall\u00e9e de la chimie<\/a>,  un bassin de vie et d\u2019emplois porteur<\/h2>\n\n\n\n<ul class=\"wp-block-list\">\n<li style=\"font-size:14px\">6 centres de R&amp;D de rayonnement national ou mondial<\/li>\n\n\n\n<li style=\"font-size:14px\">14 communes<\/li>\n\n\n\n<li style=\"font-size:14px\">100&nbsp;000 Habitants<\/li>\n\n\n\n<li style=\"font-size:14px\">50&nbsp;000 salari\u00e9s, 10&nbsp;000 emplois industriels, 2 000 chercheurs<\/li>\n\n\n\n<li style=\"font-size:14px\">18 grands comptes<\/li>\n\n\n\n<li style=\"font-size:14px\">7 sites Seveso seuil haut<\/li>\n\n\n\n<li style=\"font-size:14px\">2 plateformes d\u2019innovation collaborative<\/li>\n<\/ul>\n\n\n\n<div class=\"wp-block-buttons is-layout-flex wp-block-buttons-is-layout-flex\">\n<div class=\"wp-block-button\"><a class=\"wp-block-button__link wp-element-button\" href=\"https:\/\/lyonvalleedelachimie.fr\/\" target=\"_blank\" rel=\"noreferrer noopener\"><strong>D\u00e9couvrez Lyon Vall\u00e9e de la chimie<\/strong><\/a><\/div>\n<\/div>\n<\/div>\n\n\n\n<div class=\"wp-block-column is-layout-flow wp-block-column-is-layout-flow\" style=\"flex-basis:66.66%\">\n<figure class=\"wp-block-image size-full\"><img loading=\"lazy\" decoding=\"async\" width=\"849\" height=\"557\" src=\"http:\/\/booster-bureaux-labos.com\/wp-content\/uploads\/2025\/01\/Booster-vallee_chimie.jpg\" alt=\"\" class=\"wp-image-54\" srcset=\"https:\/\/booster-bureaux-labos.com\/wp-content\/uploads\/2025\/01\/Booster-vallee_chimie.jpg 849w, https:\/\/booster-bureaux-labos.com\/wp-content\/uploads\/2025\/01\/Booster-vallee_chimie-300x197.jpg 300w\" sizes=\"auto, (max-width: 849px) 100vw, 849px\" \/><\/figure>\n<\/div>\n<\/div>\n\n\n\n<div style=\"height:21px\" aria-hidden=\"true\" class=\"wp-block-spacer\"><\/div>\n\n\n\n<div class=\"wp-block-columns is-layout-flex wp-container-core-columns-is-layout-28f84493 wp-block-columns-is-layout-flex\">\n<div class=\"wp-block-column is-layout-flow wp-block-column-is-layout-flow\" style=\"flex-basis:33.33%\"><\/div>\n\n\n\n<div class=\"wp-block-column is-layout-flow wp-block-column-is-layout-flow\" style=\"flex-basis:66.66%\"><\/div>\n<\/div>\n\n\n\n<div class=\"wp-block-columns is-layout-flex wp-container-core-columns-is-layout-28f84493 wp-block-columns-is-layout-flex\">\n<div class=\"wp-block-column is-layout-flow wp-block-column-is-layout-flow\" style=\"flex-basis:50%\"><\/div>\n\n\n\n<div class=\"wp-block-column is-layout-flow wp-block-column-is-layout-flow\" style=\"flex-basis:50%\"><\/div>\n<\/div>\n\n\n\n<p><\/p>\n","protected":false},"excerpt":{"rendered":"<p>BOOSTER 2 Votre laboratoire, vos bureaux \u00e0 la Porte Sud de Lyon \u00c0 la porte d\u2019entr\u00e9e sud de la M\u00e9tropole de Lyon, la dynamique \u00e9conomique et d\u00e9mographique de la Vall\u00e9e de la Chimie b\u00e9n\u00e9ficie d\u2019une connexion multimodale strat\u00e9gique. \u00c0 900 m\u00e8tres de la Gare de Saint-Fons, \u00e0 4 minutes de l\u2019A7 en direction de Marseille, &hellip; <\/p>\n<p class=\"link-more\"><a href=\"https:\/\/booster-bureaux-labos.com\/index.php\/acces\/\" class=\"more-link\">Read more<span class=\"screen-reader-text\"> &#8220;Localisation et Acc\u00e8s&#8221;<\/span><\/a><\/p>\n","protected":false},"author":1,"featured_media":277,"parent":0,"menu_order":0,"comment_status":"closed","ping_status":"closed","template":"","meta":{"footnotes":""},"class_list":["post-63","page","type-page","status-publish","has-post-thumbnail","hentry"],"_links":{"self":[{"href":"https:\/\/booster-bureaux-labos.com\/index.php\/wp-json\/wp\/v2\/pages\/63","targetHints":{"allow":["GET"]}}],"collection":[{"href":"https:\/\/booster-bureaux-labos.com\/index.php\/wp-json\/wp\/v2\/pages"}],"about":[{"href":"https:\/\/booster-bureaux-labos.com\/index.php\/wp-json\/wp\/v2\/types\/page"}],"author":[{"embeddable":true,"href":"https:\/\/booster-bureaux-labos.com\/index.php\/wp-json\/wp\/v2\/users\/1"}],"replies":[{"embeddable":true,"href":"https:\/\/booster-bureaux-labos.com\/index.php\/wp-json\/wp\/v2\/comments?post=63"}],"version-history":[{"count":51,"href":"https:\/\/booster-bureaux-labos.com\/index.php\/wp-json\/wp\/v2\/pages\/63\/revisions"}],"predecessor-version":[{"id":385,"href":"https:\/\/booster-bureaux-labos.com\/index.php\/wp-json\/wp\/v2\/pages\/63\/revisions\/385"}],"wp:featuredmedia":[{"embeddable":true,"href":"https:\/\/booster-bureaux-labos.com\/index.php\/wp-json\/wp\/v2\/media\/277"}],"wp:attachment":[{"href":"https:\/\/booster-bureaux-labos.com\/index.php\/wp-json\/wp\/v2\/media?parent=63"}],"curies":[{"name":"wp","href":"https:\/\/api.w.org\/{rel}","templated":true}]}}