{"id":90,"date":"2025-01-14T10:57:48","date_gmt":"2025-01-14T09:57:48","guid":{"rendered":"https:\/\/booster-bureaux-labos.com\/?page_id=90"},"modified":"2025-01-16T15:25:08","modified_gmt":"2025-01-16T14:25:08","slug":"limmeuble","status":"publish","type":"page","link":"https:\/\/booster-bureaux-labos.com\/index.php\/limmeuble\/","title":{"rendered":"L&#8217;immeuble"},"content":{"rendered":"\n<h1 class=\"wp-block-heading has-text-color has-link-color has-small-font-size wp-elements-299420ece1b97b7c45ee5c33c49e419e\" id=\"flexibilite-surfaces\" style=\"color:#30ac68;text-transform:uppercase\">Flexibilit\u00e9, surfaces<\/h1>\n\n\n\n<div class=\"wp-block-columns is-layout-flex wp-container-core-columns-is-layout-28f84493 wp-block-columns-is-layout-flex\">\n<div class=\"wp-block-column is-layout-flow wp-block-column-is-layout-flow\" style=\"flex-basis:100%\">\n<h1 class=\"wp-block-heading has-large-font-size\"><strong>Laboratoires et bureaux, 3 996 m<sup>2 <\/sup>en \u00e9tages, divisibles \u00e0 partir de 479 m<sup>2<\/sup> avec un socle actif.<\/strong><\/h1>\n<\/div>\n<\/div>\n\n\n\n<div class=\"wp-block-columns is-layout-flex wp-container-core-columns-is-layout-28f84493 wp-block-columns-is-layout-flex\">\n<div class=\"wp-block-column is-vertically-aligned-bottom is-layout-flow wp-block-column-is-layout-flow\" style=\"flex-basis:66.66%\">\n<p class=\"has-small-font-size\">Si l\u2019organisation de l\u2019immeuble (en R+3 et Attique) est propice \u00e0 l\u2019implantation d\u2019un utilisateur unique, il est \u00e9galement divisible en plusieurs entit\u00e9s ind\u00e9pendantes (verticalement par bloc ou horizontalement par \u00e9tage courant \u00e0 partir de 479 m<sup>2<\/sup>).<\/p>\n<\/div>\n\n\n\n<div class=\"wp-block-column is-layout-flow wp-block-column-is-layout-flow\" style=\"flex-basis:33.33%\">\n<figure class=\"wp-block-image alignright size-full is-resized\"><img loading=\"lazy\" decoding=\"async\" width=\"1091\" height=\"918\" src=\"http:\/\/booster-bureaux-labos.com\/wp-content\/uploads\/2025\/01\/Bloc-C-D-legendes@3x.png\" alt=\"\" class=\"wp-image-97\" style=\"width:315px;height:auto\" srcset=\"https:\/\/booster-bureaux-labos.com\/wp-content\/uploads\/2025\/01\/Bloc-C-D-legendes@3x.png 1091w, https:\/\/booster-bureaux-labos.com\/wp-content\/uploads\/2025\/01\/Bloc-C-D-legendes@3x-300x252.png 300w, https:\/\/booster-bureaux-labos.com\/wp-content\/uploads\/2025\/01\/Bloc-C-D-legendes@3x-1024x862.png 1024w\" sizes=\"auto, (max-width: 1091px) 100vw, 1091px\" \/><\/figure>\n<\/div>\n<\/div>\n\n\n\n<div style=\"height:19px\" aria-hidden=\"true\" class=\"wp-block-spacer\"><\/div>\n\n\n\n<div class=\"wp-block-columns is-layout-flex wp-container-core-columns-is-layout-28f84493 wp-block-columns-is-layout-flex\">\n<div class=\"wp-block-column is-layout-flow wp-block-column-is-layout-flow\" style=\"flex-basis:50%\">\n<figure class=\"wp-block-image size-full is-resized\"><img loading=\"lazy\" decoding=\"async\" width=\"1571\" height=\"1504\" src=\"https:\/\/booster-bureaux-labos.com\/wp-content\/uploads\/2025\/01\/Axo-legendes@3x.png\" alt=\"\" class=\"wp-image-95\" style=\"width:673px;height:auto\" srcset=\"https:\/\/booster-bureaux-labos.com\/wp-content\/uploads\/2025\/01\/Axo-legendes@3x.png 1571w, https:\/\/booster-bureaux-labos.com\/wp-content\/uploads\/2025\/01\/Axo-legendes@3x-300x287.png 300w, https:\/\/booster-bureaux-labos.com\/wp-content\/uploads\/2025\/01\/Axo-legendes@3x-1024x980.png 1024w\" sizes=\"auto, (max-width: 1571px) 100vw, 1571px\" \/><\/figure>\n<\/div>\n\n\n\n<div class=\"wp-block-column is-layout-flow wp-block-column-is-layout-flow\" style=\"flex-basis:33.33%\">\n<div style=\"height:31px\" aria-hidden=\"true\" class=\"wp-block-spacer\"><\/div>\n\n\n\n<p>Quelle que soit la configuration de partage des surfaces, BOOSTER 2 offre une flexibilit\u00e9 optimale de personnalisation en fonction des besoins de chaque entreprise occupante.<\/p>\n<\/div>\n<\/div>\n\n\n\n<figure class=\"wp-block-image alignwide size-full\"><img loading=\"lazy\" decoding=\"async\" width=\"2560\" height=\"1440\" src=\"https:\/\/booster-bureaux-labos.com\/wp-content\/uploads\/2025\/01\/booster_immeubleCD_WEB-edited-scaled.jpg\" alt=\"\" class=\"wp-image-92\" srcset=\"https:\/\/booster-bureaux-labos.com\/wp-content\/uploads\/2025\/01\/booster_immeubleCD_WEB-edited-scaled.jpg 2560w, https:\/\/booster-bureaux-labos.com\/wp-content\/uploads\/2025\/01\/booster_immeubleCD_WEB-edited-300x169.jpg 300w, https:\/\/booster-bureaux-labos.com\/wp-content\/uploads\/2025\/01\/booster_immeubleCD_WEB-edited-1024x576.jpg 1024w, https:\/\/booster-bureaux-labos.com\/wp-content\/uploads\/2025\/01\/booster_immeubleCD_WEB-edited-2000x1125.jpg 2000w\" sizes=\"auto, (max-width: 2560px) 100vw, 2560px\" \/><\/figure>\n\n\n\n<div style=\"height:62px\" aria-hidden=\"true\" class=\"wp-block-spacer\"><\/div>\n\n\n\n<div class=\"wp-block-group alignfull has-background-background-color has-background has-global-padding is-layout-constrained wp-block-group-is-layout-constrained\">\n<div style=\"height:59px\" aria-hidden=\"true\" class=\"wp-block-spacer\"><\/div>\n\n\n\n<h1 class=\"wp-block-heading has-text-color has-link-color has-small-font-size wp-elements-13779b25a21f6d6b504ccce090fffd3f\" id=\"amenagements\" style=\"color:#30ac68;text-transform:uppercase\">Am\u00e9nagements int\u00e9rieurs<\/h1>\n\n\n\n<div class=\"wp-block-columns is-layout-flex wp-container-core-columns-is-layout-28f84493 wp-block-columns-is-layout-flex\">\n<div class=\"wp-block-column is-layout-flow wp-block-column-is-layout-flow\">\n<h2 class=\"wp-block-heading has-large-font-size\"><strong>Un mix tertiaire \/ laboratoires offrant la plus grande souplesse d\u2019am\u00e9nagement<\/strong><\/h2>\n\n\n\n<p>Si le parti pris architectural, la qualit\u00e9 du b\u00e2ti ou la performance \u00e9nerg\u00e9tique restent des points d\u2019attention qui caract\u00e9risent Booster 2, la question des nouveaux usages au travail (hyper-connectivit\u00e9, nomadisme, gestion collective des projets) ont men\u00e9 \u00e0 des r\u00e9flexions sp\u00e9cifiques sur les am\u00e9nagements int\u00e9rieurs.<\/p>\n\n\n\n<p>Imaginer de nouveaux immeubles connect\u00e9s, proposer des espaces d\u00e9di\u00e9s au travail collaboratif tout en offrant des bureaux d\u00e9volus \u00e0 l\u2019individu et \u00e0 sa concentration\u2026 l\u2019offre globale de Booster entre dans l\u2019\u00e8re des nouveaux espaces de travail.<\/p>\n<\/div>\n<\/div>\n\n\n\n<figure class=\"wp-block-image alignfull size-full\"><img loading=\"lazy\" decoding=\"async\" width=\"2560\" height=\"916\" src=\"https:\/\/booster-bureaux-labos.com\/wp-content\/uploads\/2025\/01\/booster_vue_plateau_bureaux_etroite-WEB-scaled.jpg\" alt=\"\" class=\"wp-image-325\" srcset=\"https:\/\/booster-bureaux-labos.com\/wp-content\/uploads\/2025\/01\/booster_vue_plateau_bureaux_etroite-WEB-scaled.jpg 2560w, https:\/\/booster-bureaux-labos.com\/wp-content\/uploads\/2025\/01\/booster_vue_plateau_bureaux_etroite-WEB-300x107.jpg 300w, https:\/\/booster-bureaux-labos.com\/wp-content\/uploads\/2025\/01\/booster_vue_plateau_bureaux_etroite-WEB-1024x367.jpg 1024w, https:\/\/booster-bureaux-labos.com\/wp-content\/uploads\/2025\/01\/booster_vue_plateau_bureaux_etroite-WEB-2000x716.jpg 2000w\" sizes=\"auto, (max-width: 2560px) 100vw, 2560px\" \/><\/figure>\n<\/div>\n\n\n\n<div class=\"wp-block-group has-global-padding is-layout-constrained wp-container-core-group-is-layout-f36bc466 wp-block-group-is-layout-constrained\">\n<div class=\"wp-block-columns is-layout-flex wp-container-core-columns-is-layout-28f84493 wp-block-columns-is-layout-flex\">\n<div class=\"wp-block-column is-layout-flow wp-block-column-is-layout-flow\" style=\"flex-basis:33.33%\">\n<div style=\"height:48px\" aria-hidden=\"true\" class=\"wp-block-spacer\"><\/div>\n\n\n\n<h3 class=\"wp-block-heading\"><strong>Simulation d\u2019am\u00e9nagement int\u00e9rieur <\/strong><\/h3>\n\n\n\n<p>Plateau du R+2 LOT C, de 854,63 m\u00b2<\/p>\n\n\n\n<p><strong>Capacit\u00e9e pr\u00e9sent\u00e9e : <\/strong>39 postes de travail en am\u00e9nagement de type DYNAMIQUE.<\/p>\n\n\n\n<p>6 salles blanches ou propres, avec 42 positions am\u00e9nag\u00e9es avec Paillasses et sorbonnes.<\/p>\n\n\n\n<p><\/p>\n<\/div>\n\n\n\n<div class=\"wp-block-column is-layout-flow wp-block-column-is-layout-flow\" style=\"flex-basis:66.66%\">\n<figure data-wp-context=\"{&quot;imageId&quot;:&quot;69e2271a21e9f&quot;}\" data-wp-interactive=\"core\/image\" data-wp-key=\"69e2271a21e9f\" class=\"wp-block-image aligncenter size-full wp-lightbox-container\"><img loading=\"lazy\" decoding=\"async\" width=\"1051\" height=\"1040\" data-wp-class--hide=\"state.isContentHidden\" data-wp-class--show=\"state.isContentVisible\" data-wp-init=\"callbacks.setButtonStyles\" data-wp-on--click=\"actions.showLightbox\" data-wp-on--load=\"callbacks.setButtonStyles\" data-wp-on-window--resize=\"callbacks.setButtonStyles\" src=\"https:\/\/booster-bureaux-labos.com\/wp-content\/uploads\/2025\/01\/Capture-decran-2025-01-14-104105.jpg\" alt=\"\" class=\"wp-image-103\" srcset=\"https:\/\/booster-bureaux-labos.com\/wp-content\/uploads\/2025\/01\/Capture-decran-2025-01-14-104105.jpg 1051w, https:\/\/booster-bureaux-labos.com\/wp-content\/uploads\/2025\/01\/Capture-decran-2025-01-14-104105-300x297.jpg 300w, https:\/\/booster-bureaux-labos.com\/wp-content\/uploads\/2025\/01\/Capture-decran-2025-01-14-104105-1024x1013.jpg 1024w\" sizes=\"auto, (max-width: 1051px) 100vw, 1051px\" \/><button\n\t\t\tclass=\"lightbox-trigger\"\n\t\t\ttype=\"button\"\n\t\t\taria-haspopup=\"dialog\"\n\t\t\taria-label=\"Enlarge\"\n\t\t\tdata-wp-init=\"callbacks.initTriggerButton\"\n\t\t\tdata-wp-on--click=\"actions.showLightbox\"\n\t\t\tdata-wp-style--right=\"state.imageButtonRight\"\n\t\t\tdata-wp-style--top=\"state.imageButtonTop\"\n\t\t>\n\t\t\t<svg xmlns=\"http:\/\/www.w3.org\/2000\/svg\" width=\"12\" height=\"12\" fill=\"none\" viewBox=\"0 0 12 12\">\n\t\t\t\t<path fill=\"#fff\" d=\"M2 0a2 2 0 0 0-2 2v2h1.5V2a.5.5 0 0 1 .5-.5h2V0H2Zm2 10.5H2a.5.5 0 0 1-.5-.5V8H0v2a2 2 0 0 0 2 2h2v-1.5ZM8 12v-1.5h2a.5.5 0 0 0 .5-.5V8H12v2a2 2 0 0 1-2 2H8Zm2-12a2 2 0 0 1 2 2v2h-1.5V2a.5.5 0 0 0-.5-.5H8V0h2Z\" \/>\n\t\t\t<\/svg>\n\t\t<\/button><\/figure>\n<\/div>\n<\/div>\n<\/div>\n\n\n\n<div style=\"height:33px\" aria-hidden=\"true\" class=\"wp-block-spacer\"><\/div>\n\n\n\n<div class=\"wp-block-group alignfull has-background-background-color has-background has-global-padding is-layout-constrained wp-block-group-is-layout-constrained\">\n<div class=\"wp-block-group has-global-padding is-layout-constrained wp-block-group-is-layout-constrained\">\n<div style=\"height:33px\" aria-hidden=\"true\" class=\"wp-block-spacer\"><\/div>\n\n\n\n<h1 class=\"wp-block-heading has-text-color has-link-color has-small-font-size wp-elements-f86ed04a1a87755d627ebf7ea74b5d32\" id=\"descriptif-technique\" style=\"color:#30ac68;text-transform:uppercase\">Descriptif technique des prestations<\/h1>\n<\/div>\n\n\n\n<h2 class=\"wp-block-heading has-large-font-size\"><strong>Un outil de travail dimensionn\u00e9 sur mesure,<\/strong> <strong>la qualit\u00e9 d\u2019usage avant tout&nbsp;!<\/strong><\/h2>\n\n\n\n<div class=\"wp-block-columns is-layout-flex wp-container-core-columns-is-layout-28f84493 wp-block-columns-is-layout-flex\">\n<div class=\"wp-block-column is-layout-flow wp-block-column-is-layout-flow\">\n<p>Les deux b\u00e2timents Booster ont \u00e9t\u00e9 con\u00e7u sp\u00e9cifiquement pour accueillir des unit\u00e9s de recherches et d\u00e9veloppement en \u00e9tages afin d\u2019\u00e9conomiser de la ressource fonci\u00e8re. Ainsi la conception int\u00e9rieure du b\u00e2timent a \u00e9t\u00e9 pens\u00e9e pour optimiser la verticalit\u00e9 de la gestion des flux et en faire un outil de travail performant.<\/p>\n\n\n\n<p>Certaines zones de laboratoires utilisent un process qui n\u00e9cessite des hauteurs de plafond diff\u00e9rentes (jusqu\u2019\u00e0 4,20 m de dalle \u00e0 dalle) afin d\u2019accueillir la multiplicit\u00e9 des r\u00e9seaux de fluides sp\u00e9cifiques (air analytique, air comprim\u00e9, 7 gaz diff\u00e9rents en plus des fluides habituels). Certaines gaines ont ainsi \u00e9t\u00e9 surdimensionn\u00e9es pour les passages de fluides, la multiplicit\u00e9s des d\u00e9bits d\u2019extraction ou le doublement de certaines installations afin d\u2019assurer la p\u00e9rennit\u00e9 du process en toute circonstance. &nbsp;<\/p>\n<\/div>\n\n\n\n<div class=\"wp-block-column is-layout-flow wp-block-column-is-layout-flow\">\n<figure class=\"wp-block-image size-large\"><img loading=\"lazy\" decoding=\"async\" width=\"1024\" height=\"463\" src=\"http:\/\/booster-bureaux-labos.com\/wp-content\/uploads\/2025\/01\/Plan-de-travail-21@2x-1024x463.png\" alt=\"\" class=\"wp-image-104\" srcset=\"https:\/\/booster-bureaux-labos.com\/wp-content\/uploads\/2025\/01\/Plan-de-travail-21@2x-1024x463.png 1024w, https:\/\/booster-bureaux-labos.com\/wp-content\/uploads\/2025\/01\/Plan-de-travail-21@2x-300x136.png 300w, https:\/\/booster-bureaux-labos.com\/wp-content\/uploads\/2025\/01\/Plan-de-travail-21@2x-2000x905.png 2000w\" sizes=\"auto, (max-width: 1024px) 100vw, 1024px\" \/><\/figure>\n<\/div>\n<\/div>\n\n\n\n<div style=\"height:47px\" aria-hidden=\"true\" class=\"wp-block-spacer\"><\/div>\n\n\n\n<div class=\"wp-block-columns has-primary-color has-text-color has-link-color wp-elements-4e912c99e8c48cc21e05941d2bafcba5 is-layout-flex wp-container-core-columns-is-layout-c1eb9c76 wp-block-columns-is-layout-flex\" style=\"padding-right:0;padding-left:0\">\n<div class=\"wp-block-column is-layout-flow wp-block-column-is-layout-flow\" style=\"padding-right:0;padding-left:0\">\n<hr class=\"wp-block-separator has-alpha-channel-opacity is-style-wide\"\/>\n\n\n\n<h3 class=\"wp-block-heading\">Hauteur Libre<\/h3>\n\n\n\n<ul class=\"wp-block-list\">\n<li>4,5 m en RDC de dalle \u00e0 dalle<\/li>\n\n\n\n<li>4,2 m en R+1 de dalle \u00e0 dalle<\/li>\n\n\n\n<li>2,70m en \u00e9tage courant HPS (R+2, R+3 et attique)<\/li>\n<\/ul>\n<\/div>\n\n\n\n<div class=\"wp-block-column is-layout-flow wp-block-column-is-layout-flow\">\n<hr class=\"wp-block-separator has-alpha-channel-opacity is-style-wide\"\/>\n\n\n\n<h3 class=\"wp-block-heading\">Caract\u00e9ristiques techniques<\/h3>\n\n\n\n<ul class=\"wp-block-list\">\n<li>Production thermique type PAC ai\/eau command\u00e9e individuellement par lot<\/li>\n\n\n\n<li>Trame de 5,40 m et profondeur de plateau de 18 m<\/li>\n\n\n\n<li>Rev\u00eatements : ITI et b\u00e9ton matric\u00e9 en RDC \/ ITE en \u00e9tages<\/li>\n\n\n\n<li>Menuiserie aluminium thermo-laqu\u00e9, ouvrant \u00e0 la fran\u00e7aise<\/li>\n\n\n\n<li>Capacitaire : 1 pers\/10m\u00b2 SUBL soit 766 personnes<\/li>\n\n\n\n<li>2 appareils \u00e9l\u00e9vateurs &#8211; Charge 630 kg<\/li>\n\n\n\n<li>Terrasse lames bois ou composite<\/li>\n<\/ul>\n<\/div>\n\n\n\n<div class=\"wp-block-column is-layout-flow wp-block-column-is-layout-flow\">\n<hr class=\"wp-block-separator has-alpha-channel-opacity is-style-wide\"\/>\n\n\n\n<h3 class=\"wp-block-heading\">Respect PPRT Vall\u00e9e de la Chimie Al\u00e9as toxicit\u00e9 et surpression<\/h3>\n\n\n\n<p>Performances \u00e9nerg\u00e9tiques conforme RT 2012<\/p>\n\n\n\n<p>Certification: BREEAM VeryGood<\/p>\n\n\n\n<p>Les bureaux sont livr\u00e9s finis (sols, murs, plafond). Les laboratoires sont livr\u00e9s bruts (sols, murs, plafond)<\/p>\n<\/div>\n<\/div>\n\n\n\n<div style=\"height:26px\" aria-hidden=\"true\" class=\"wp-block-spacer\"><\/div>\n<\/div>\n","protected":false},"excerpt":{"rendered":"<p>Flexibilit\u00e9, surfaces Laboratoires et bureaux, 3 996 m2 en \u00e9tages, divisibles \u00e0 partir de 479 m2 avec un socle actif. Si l\u2019organisation de l\u2019immeuble (en R+3 et Attique) est propice \u00e0 l\u2019implantation d\u2019un utilisateur unique, il est \u00e9galement divisible en plusieurs entit\u00e9s ind\u00e9pendantes (verticalement par bloc ou horizontalement par \u00e9tage courant \u00e0 partir de 479 &hellip; <\/p>\n<p class=\"link-more\"><a href=\"https:\/\/booster-bureaux-labos.com\/index.php\/limmeuble\/\" class=\"more-link\">Read more<span class=\"screen-reader-text\"> &#8220;L&#8217;immeuble&#8221;<\/span><\/a><\/p>\n","protected":false},"author":1,"featured_media":91,"parent":0,"menu_order":0,"comment_status":"closed","ping_status":"closed","template":"","meta":{"footnotes":""},"class_list":["post-90","page","type-page","status-publish","has-post-thumbnail","hentry"],"_links":{"self":[{"href":"https:\/\/booster-bureaux-labos.com\/index.php\/wp-json\/wp\/v2\/pages\/90","targetHints":{"allow":["GET"]}}],"collection":[{"href":"https:\/\/booster-bureaux-labos.com\/index.php\/wp-json\/wp\/v2\/pages"}],"about":[{"href":"https:\/\/booster-bureaux-labos.com\/index.php\/wp-json\/wp\/v2\/types\/page"}],"author":[{"embeddable":true,"href":"https:\/\/booster-bureaux-labos.com\/index.php\/wp-json\/wp\/v2\/users\/1"}],"replies":[{"embeddable":true,"href":"https:\/\/booster-bureaux-labos.com\/index.php\/wp-json\/wp\/v2\/comments?post=90"}],"version-history":[{"count":20,"href":"https:\/\/booster-bureaux-labos.com\/index.php\/wp-json\/wp\/v2\/pages\/90\/revisions"}],"predecessor-version":[{"id":330,"href":"https:\/\/booster-bureaux-labos.com\/index.php\/wp-json\/wp\/v2\/pages\/90\/revisions\/330"}],"wp:featuredmedia":[{"embeddable":true,"href":"https:\/\/booster-bureaux-labos.com\/index.php\/wp-json\/wp\/v2\/media\/91"}],"wp:attachment":[{"href":"https:\/\/booster-bureaux-labos.com\/index.php\/wp-json\/wp\/v2\/media?parent=90"}],"curies":[{"name":"wp","href":"https:\/\/api.w.org\/{rel}","templated":true}]}}